{"id":96,"date":"2025-04-22T10:50:08","date_gmt":"2025-04-22T10:50:08","guid":{"rendered":"https:\/\/atvis.com\/wordpress\/?page_id=96"},"modified":"2025-09-18T11:21:01","modified_gmt":"2025-09-18T11:21:01","slug":"motion-capture","status":"publish","type":"page","link":"https:\/\/atvis.com\/index.php\/motion-capture\/","title":{"rendered":"Motion Capture"},"content":{"rendered":"\n<p>Atvis tillhandah\u00e5ller professionella motion capture-l\u00f6sningar. Vi anv\u00e4nder oss av Miqus 3-kameror fr\u00e5n Qualisys, vilka \u00e4r k\u00e4nda f\u00f6r sin precision och tillf\u00f6rlitlighet. V\u00e5r utrustning m\u00f6jligg\u00f6r noggrann inspelning med milimeterprecision av r\u00f6relser av personer och objekt f\u00f6r till\u00e4mpningar inom film, spel, VR och forskning.<\/p>\n\n\n\n<p>Vi erbjuder \u00e4ven konsulttj\u00e4nster f\u00f6r att st\u00f6tta era projekt fr\u00e5n start till m\u00e5l. V\u00e5ra tj\u00e4nster inkluderar planering, kalibrering, inspelning och efterbearbetning av data f\u00f6r att s\u00e4kerst\u00e4lla att ni f\u00e5r h\u00f6gkvalitativt material som \u00e4r redo f\u00f6r vidare anv\u00e4ndning. Oavsett om ni arbetar med ett litet eller stort projekt, kan vi anpassa v\u00e5ra tj\u00e4nster efter era unika krav.<\/p>\n\n\n\n<div class=\"wp-block-buttons is-content-justification-right is-layout-flex wp-container-core-buttons-is-layout-d445cf74 wp-block-buttons-is-layout-flex\">\n<div class=\"wp-block-button\"><a class=\"wp-block-button__link wp-element-button\" href=\"http:\/\/www.atvis.com\/#kontakt\">Kontakta oss!<\/a><\/div>\n<\/div>\n\n\n\n<p><\/p>\n\n\n\n<p><\/p>\n","protected":false},"excerpt":{"rendered":"<p>Atvis tillhandah\u00e5ller professionella motion capture-l\u00f6sningar. Vi anv\u00e4nder oss av Miqus 3-kameror fr\u00e5n Qualisys, vilka \u00e4r k\u00e4nda f\u00f6r sin precision och tillf\u00f6rlitlighet. V\u00e5r utrustning m\u00f6jligg\u00f6r noggrann inspelning med milimeterprecision av r\u00f6relser av personer och objekt f\u00f6r till\u00e4mpningar inom film, spel, VR och forskning. Vi erbjuder \u00e4ven konsulttj\u00e4nster f\u00f6r att st\u00f6tta era projekt fr\u00e5n start till m\u00e5l. [&hellip;]<\/p>\n","protected":false},"author":1,"featured_media":0,"parent":0,"menu_order":0,"comment_status":"closed","ping_status":"closed","template":"","meta":{"footnotes":""},"class_list":["post-96","page","type-page","status-publish","hentry"],"yoast_head":"<!-- This site is optimized with the Yoast SEO plugin v25.0 - https:\/\/yoast.com\/wordpress\/plugins\/seo\/ -->\n<title>Motion Capture - Atvis<\/title>\n<meta name=\"robots\" content=\"index, follow, max-snippet:-1, max-image-preview:large, max-video-preview:-1\" \/>\n<link rel=\"canonical\" href=\"https:\/\/atvis.com\/index.php\/motion-capture\/\" \/>\n<meta property=\"og:locale\" content=\"sv_SE\" \/>\n<meta property=\"og:type\" content=\"article\" \/>\n<meta property=\"og:title\" content=\"Motion Capture - Atvis\" \/>\n<meta property=\"og:description\" content=\"Atvis tillhandah\u00e5ller professionella motion capture-l\u00f6sningar. Vi anv\u00e4nder oss av Miqus 3-kameror fr\u00e5n Qualisys, vilka \u00e4r k\u00e4nda f\u00f6r sin precision och tillf\u00f6rlitlighet. V\u00e5r utrustning m\u00f6jligg\u00f6r noggrann inspelning med milimeterprecision av r\u00f6relser av personer och objekt f\u00f6r till\u00e4mpningar inom film, spel, VR och forskning. Vi erbjuder \u00e4ven konsulttj\u00e4nster f\u00f6r att st\u00f6tta era projekt fr\u00e5n start till m\u00e5l. [&hellip;]\" \/>\n<meta property=\"og:url\" content=\"https:\/\/atvis.com\/index.php\/motion-capture\/\" \/>\n<meta property=\"og:site_name\" content=\"Atvis\" \/>\n<meta property=\"article:modified_time\" content=\"2025-09-18T11:21:01+00:00\" \/>\n<meta name=\"twitter:card\" content=\"summary_large_image\" \/>\n<meta name=\"twitter:label1\" content=\"Ber\u00e4knad l\u00e4stid\" \/>\n\t<meta name=\"twitter:data1\" content=\"1 minut\" \/>\n<script type=\"application\/ld+json\" class=\"yoast-schema-graph\">{\"@context\":\"https:\/\/schema.org\",\"@graph\":[{\"@type\":\"WebPage\",\"@id\":\"https:\/\/atvis.com\/index.php\/motion-capture\/\",\"url\":\"https:\/\/atvis.com\/index.php\/motion-capture\/\",\"name\":\"Motion Capture - Atvis\",\"isPartOf\":{\"@id\":\"https:\/\/atvis.com\/#website\"},\"datePublished\":\"2025-04-22T10:50:08+00:00\",\"dateModified\":\"2025-09-18T11:21:01+00:00\",\"breadcrumb\":{\"@id\":\"https:\/\/atvis.com\/index.php\/motion-capture\/#breadcrumb\"},\"inLanguage\":\"sv-SE\",\"potentialAction\":[{\"@type\":\"ReadAction\",\"target\":[\"https:\/\/atvis.com\/index.php\/motion-capture\/\"]}]},{\"@type\":\"BreadcrumbList\",\"@id\":\"https:\/\/atvis.com\/index.php\/motion-capture\/#breadcrumb\",\"itemListElement\":[{\"@type\":\"ListItem\",\"position\":1,\"name\":\"Hem\",\"item\":\"https:\/\/atvis.com\/\"},{\"@type\":\"ListItem\",\"position\":2,\"name\":\"Motion Capture\"}]},{\"@type\":\"WebSite\",\"@id\":\"https:\/\/atvis.com\/#website\",\"url\":\"https:\/\/atvis.com\/\",\"name\":\"Atvis\",\"description\":\"Aff\u00e4rsutveckling och Teknik\",\"publisher\":{\"@id\":\"https:\/\/atvis.com\/#organization\"},\"potentialAction\":[{\"@type\":\"SearchAction\",\"target\":{\"@type\":\"EntryPoint\",\"urlTemplate\":\"https:\/\/atvis.com\/?s={search_term_string}\"},\"query-input\":{\"@type\":\"PropertyValueSpecification\",\"valueRequired\":true,\"valueName\":\"search_term_string\"}}],\"inLanguage\":\"sv-SE\"},{\"@type\":\"Organization\",\"@id\":\"https:\/\/atvis.com\/#organization\",\"name\":\"Atvis\",\"url\":\"https:\/\/atvis.com\/\",\"logo\":{\"@type\":\"ImageObject\",\"inLanguage\":\"sv-SE\",\"@id\":\"https:\/\/atvis.com\/#\/schema\/logo\/image\/\",\"url\":\"https:\/\/atvis.com\/wp-content\/uploads\/2025\/04\/Atvis_Logotype_Black.png\",\"contentUrl\":\"https:\/\/atvis.com\/wp-content\/uploads\/2025\/04\/Atvis_Logotype_Black.png\",\"width\":1000,\"height\":350,\"caption\":\"Atvis\"},\"image\":{\"@id\":\"https:\/\/atvis.com\/#\/schema\/logo\/image\/\"}}]}<\/script>\n<!-- \/ Yoast SEO plugin. -->","yoast_head_json":{"title":"Motion Capture - Atvis","robots":{"index":"index","follow":"follow","max-snippet":"max-snippet:-1","max-image-preview":"max-image-preview:large","max-video-preview":"max-video-preview:-1"},"canonical":"https:\/\/atvis.com\/index.php\/motion-capture\/","og_locale":"sv_SE","og_type":"article","og_title":"Motion Capture - Atvis","og_description":"Atvis tillhandah\u00e5ller professionella motion capture-l\u00f6sningar. Vi anv\u00e4nder oss av Miqus 3-kameror fr\u00e5n Qualisys, vilka \u00e4r k\u00e4nda f\u00f6r sin precision och tillf\u00f6rlitlighet. V\u00e5r utrustning m\u00f6jligg\u00f6r noggrann inspelning med milimeterprecision av r\u00f6relser av personer och objekt f\u00f6r till\u00e4mpningar inom film, spel, VR och forskning. Vi erbjuder \u00e4ven konsulttj\u00e4nster f\u00f6r att st\u00f6tta era projekt fr\u00e5n start till m\u00e5l. [&hellip;]","og_url":"https:\/\/atvis.com\/index.php\/motion-capture\/","og_site_name":"Atvis","article_modified_time":"2025-09-18T11:21:01+00:00","twitter_card":"summary_large_image","twitter_misc":{"Ber\u00e4knad l\u00e4stid":"1 minut"},"schema":{"@context":"https:\/\/schema.org","@graph":[{"@type":"WebPage","@id":"https:\/\/atvis.com\/index.php\/motion-capture\/","url":"https:\/\/atvis.com\/index.php\/motion-capture\/","name":"Motion Capture - Atvis","isPartOf":{"@id":"https:\/\/atvis.com\/#website"},"datePublished":"2025-04-22T10:50:08+00:00","dateModified":"2025-09-18T11:21:01+00:00","breadcrumb":{"@id":"https:\/\/atvis.com\/index.php\/motion-capture\/#breadcrumb"},"inLanguage":"sv-SE","potentialAction":[{"@type":"ReadAction","target":["https:\/\/atvis.com\/index.php\/motion-capture\/"]}]},{"@type":"BreadcrumbList","@id":"https:\/\/atvis.com\/index.php\/motion-capture\/#breadcrumb","itemListElement":[{"@type":"ListItem","position":1,"name":"Hem","item":"https:\/\/atvis.com\/"},{"@type":"ListItem","position":2,"name":"Motion Capture"}]},{"@type":"WebSite","@id":"https:\/\/atvis.com\/#website","url":"https:\/\/atvis.com\/","name":"Atvis","description":"Aff\u00e4rsutveckling och Teknik","publisher":{"@id":"https:\/\/atvis.com\/#organization"},"potentialAction":[{"@type":"SearchAction","target":{"@type":"EntryPoint","urlTemplate":"https:\/\/atvis.com\/?s={search_term_string}"},"query-input":{"@type":"PropertyValueSpecification","valueRequired":true,"valueName":"search_term_string"}}],"inLanguage":"sv-SE"},{"@type":"Organization","@id":"https:\/\/atvis.com\/#organization","name":"Atvis","url":"https:\/\/atvis.com\/","logo":{"@type":"ImageObject","inLanguage":"sv-SE","@id":"https:\/\/atvis.com\/#\/schema\/logo\/image\/","url":"https:\/\/atvis.com\/wp-content\/uploads\/2025\/04\/Atvis_Logotype_Black.png","contentUrl":"https:\/\/atvis.com\/wp-content\/uploads\/2025\/04\/Atvis_Logotype_Black.png","width":1000,"height":350,"caption":"Atvis"},"image":{"@id":"https:\/\/atvis.com\/#\/schema\/logo\/image\/"}}]}},"_links":{"self":[{"href":"https:\/\/atvis.com\/index.php\/wp-json\/wp\/v2\/pages\/96","targetHints":{"allow":["GET"]}}],"collection":[{"href":"https:\/\/atvis.com\/index.php\/wp-json\/wp\/v2\/pages"}],"about":[{"href":"https:\/\/atvis.com\/index.php\/wp-json\/wp\/v2\/types\/page"}],"author":[{"embeddable":true,"href":"https:\/\/atvis.com\/index.php\/wp-json\/wp\/v2\/users\/1"}],"replies":[{"embeddable":true,"href":"https:\/\/atvis.com\/index.php\/wp-json\/wp\/v2\/comments?post=96"}],"version-history":[{"count":9,"href":"https:\/\/atvis.com\/index.php\/wp-json\/wp\/v2\/pages\/96\/revisions"}],"predecessor-version":[{"id":561,"href":"https:\/\/atvis.com\/index.php\/wp-json\/wp\/v2\/pages\/96\/revisions\/561"}],"wp:attachment":[{"href":"https:\/\/atvis.com\/index.php\/wp-json\/wp\/v2\/media?parent=96"}],"curies":[{"name":"wp","href":"https:\/\/api.w.org\/{rel}","templated":true}]}}