{"id":70,"date":"2025-04-22T10:17:13","date_gmt":"2025-04-22T10:17:13","guid":{"rendered":"https:\/\/atvis.com\/wordpress\/?page_id=70"},"modified":"2025-08-29T07:50:37","modified_gmt":"2025-08-29T07:50:37","slug":"jobba-hos-oss","status":"publish","type":"page","link":"https:\/\/atvis.com\/index.php\/jobba-hos-oss\/","title":{"rendered":"Jobba hos oss!"},"content":{"rendered":"\n<div class=\"wp-block-group alignfull has-global-padding is-layout-constrained wp-block-group-is-layout-constrained\" style=\"margin-top:0;margin-bottom:0\">\n<div class=\"wp-block-columns alignfull is-layout-flex wp-container-core-columns-is-layout-9c22b1e3 wp-block-columns-is-layout-flex\">\n<div class=\"wp-block-column is-layout-flow wp-block-column-is-layout-flow\" style=\"flex-basis:55%\">\n<figure class=\"wp-block-image alignright size-full\"><img loading=\"lazy\" decoding=\"async\" width=\"1024\" height=\"683\" src=\"https:\/\/atvis.com\/wp-content\/uploads\/2025\/04\/visualarena-vr-nikon-adobergb-3000px-0324-workshop-vgl-vg.jpg\" alt=\"\" class=\"wp-image-129\" srcset=\"https:\/\/atvis.com\/wp-content\/uploads\/2025\/04\/visualarena-vr-nikon-adobergb-3000px-0324-workshop-vgl-vg.jpg 1024w, https:\/\/atvis.com\/wp-content\/uploads\/2025\/04\/visualarena-vr-nikon-adobergb-3000px-0324-workshop-vgl-vg-300x200.jpg 300w, https:\/\/atvis.com\/wp-content\/uploads\/2025\/04\/visualarena-vr-nikon-adobergb-3000px-0324-workshop-vgl-vg-768x512.jpg 768w\" sizes=\"auto, (max-width: 1024px) 100vw, 1024px\" \/><\/figure>\n<\/div>\n\n\n\n<div class=\"wp-block-column is-vertically-aligned-center is-layout-flow wp-block-column-is-layout-flow\" style=\"padding-top:var(--wp--preset--spacing--60);padding-right:var(--wp--preset--spacing--60);padding-bottom:var(--wp--preset--spacing--60);padding-left:var(--wp--preset--spacing--60)\">\n<h2 class=\"wp-block-heading has-xx-large-font-size\">Spontanans\u00f6kan<\/h2>\n\n\n\n<p>Vi letar alltid efter ny talang. Skicka g\u00e4rna in en spontanans\u00f6kan och ber\u00e4tta om dig sj\u00e4lv. <\/p>\n<\/div>\n<\/div>\n<\/div>\n\n\n\n<hr class=\"wp-block-separator has-alpha-channel-opacity is-style-wide is-style-wide--1\" style=\"margin-top:var(--wp--preset--spacing--40);margin-bottom:var(--wp--preset--spacing--40)\"\/>\n\n\n\n<h2 class=\"wp-block-heading\">Lediga Tj\u00e4nster<\/h2>\n\n\n\n<p>H\u00e4r nedan hittar du v\u00e5ra lediga tj\u00e4nster. Klicka p\u00e5 l\u00e4nken och slutf\u00f6r ans\u00f6kan via LinkedIn. <\/p>\n\n\n\n<div class=\"wp-block-columns is-layout-flex wp-container-core-columns-is-layout-28f84493 wp-block-columns-is-layout-flex\">\n<div class=\"wp-block-column is-layout-flow wp-block-column-is-layout-flow\" style=\"flex-basis:100%\">\n<figure class=\"wp-block-table is-style-regular\"><table class=\"has-border-color has-fixed-layout\" style=\"border-color:#69696926\"><tbody><tr><td>Tj\u00e4nst<\/td><td>Placeringsort<\/td><td><\/td><\/tr><tr><td>Erfaren elektronikingenj\u00f6r<\/td><td>J\u00f6nk\u00f6ping<\/td><td><a href=\"https:\/\/www.linkedin.com\/jobs\/view\/4292601640\/\" target=\"_blank\" rel=\"noreferrer noopener\">Ans\u00f6k h\u00e4r<\/a><\/td><\/tr><tr><td><\/td><td><\/td><td><\/td><\/tr><tr><td><\/td><td><\/td><td><\/td><\/tr><\/tbody><\/table><\/figure>\n<\/div>\n<\/div>\n\n\n\n<p>Finns ingenting som passar dig i listan? Ber\u00e4tta om dig sj\u00e4lv, dina meriter, drivkrafter och de projekt du jobbat med. Maila till: <a href=\"mailto:ansok@atvis.com\">ansok@atvis.com<\/a>.<\/p>\n\n\n\n<div class=\"wp-block-buttons is-content-justification-right is-layout-flex wp-container-core-buttons-is-layout-d445cf74 wp-block-buttons-is-layout-flex\">\n<div class=\"wp-block-button\"><a class=\"wp-block-button__link wp-element-button\" href=\"http:\/\/www.atvis.com\">Hem<\/a><\/div>\n<\/div>\n","protected":false},"excerpt":{"rendered":"<p>Spontanans\u00f6kan Vi letar alltid efter ny talang. Skicka g\u00e4rna in en spontanans\u00f6kan och ber\u00e4tta om dig sj\u00e4lv. Lediga Tj\u00e4nster H\u00e4r nedan hittar du v\u00e5ra lediga tj\u00e4nster. Klicka p\u00e5 l\u00e4nken och slutf\u00f6r ans\u00f6kan via LinkedIn. Tj\u00e4nst Placeringsort Erfaren elektronikingenj\u00f6r J\u00f6nk\u00f6ping Ans\u00f6k h\u00e4r Finns ingenting som passar dig i listan? Ber\u00e4tta om dig sj\u00e4lv, dina meriter, drivkrafter [&hellip;]<\/p>\n","protected":false},"author":1,"featured_media":0,"parent":0,"menu_order":0,"comment_status":"closed","ping_status":"closed","template":"","meta":{"footnotes":""},"class_list":["post-70","page","type-page","status-publish","hentry"],"yoast_head":"<!-- This site is optimized with the Yoast SEO plugin v25.0 - https:\/\/yoast.com\/wordpress\/plugins\/seo\/ -->\n<title>Jobba hos oss! - Atvis<\/title>\n<meta name=\"robots\" content=\"index, follow, max-snippet:-1, max-image-preview:large, max-video-preview:-1\" \/>\n<link rel=\"canonical\" href=\"https:\/\/atvis.com\/index.php\/jobba-hos-oss\/\" \/>\n<meta property=\"og:locale\" content=\"sv_SE\" \/>\n<meta property=\"og:type\" content=\"article\" \/>\n<meta property=\"og:title\" content=\"Jobba hos oss! - Atvis\" \/>\n<meta property=\"og:description\" content=\"Spontanans\u00f6kan Vi letar alltid efter ny talang. Skicka g\u00e4rna in en spontanans\u00f6kan och ber\u00e4tta om dig sj\u00e4lv. Lediga Tj\u00e4nster H\u00e4r nedan hittar du v\u00e5ra lediga tj\u00e4nster. Klicka p\u00e5 l\u00e4nken och slutf\u00f6r ans\u00f6kan via LinkedIn. Tj\u00e4nst Placeringsort Erfaren elektronikingenj\u00f6r J\u00f6nk\u00f6ping Ans\u00f6k h\u00e4r Finns ingenting som passar dig i listan? Ber\u00e4tta om dig sj\u00e4lv, dina meriter, drivkrafter [&hellip;]\" \/>\n<meta property=\"og:url\" content=\"https:\/\/atvis.com\/index.php\/jobba-hos-oss\/\" \/>\n<meta property=\"og:site_name\" content=\"Atvis\" \/>\n<meta property=\"article:modified_time\" content=\"2025-08-29T07:50:37+00:00\" \/>\n<meta property=\"og:image\" content=\"https:\/\/atvis.com\/wp-content\/uploads\/2025\/04\/visualarena-vr-nikon-adobergb-3000px-0324-workshop-vgl-vg.jpg\" \/>\n\t<meta property=\"og:image:width\" content=\"1024\" \/>\n\t<meta property=\"og:image:height\" content=\"683\" \/>\n\t<meta property=\"og:image:type\" content=\"image\/jpeg\" \/>\n<meta name=\"twitter:card\" content=\"summary_large_image\" \/>\n<meta name=\"twitter:label1\" content=\"Ber\u00e4knad l\u00e4stid\" \/>\n\t<meta name=\"twitter:data1\" content=\"1 minut\" \/>\n<script type=\"application\/ld+json\" class=\"yoast-schema-graph\">{\"@context\":\"https:\/\/schema.org\",\"@graph\":[{\"@type\":\"WebPage\",\"@id\":\"https:\/\/atvis.com\/index.php\/jobba-hos-oss\/\",\"url\":\"https:\/\/atvis.com\/index.php\/jobba-hos-oss\/\",\"name\":\"Jobba hos oss! - Atvis\",\"isPartOf\":{\"@id\":\"https:\/\/atvis.com\/#website\"},\"primaryImageOfPage\":{\"@id\":\"https:\/\/atvis.com\/index.php\/jobba-hos-oss\/#primaryimage\"},\"image\":{\"@id\":\"https:\/\/atvis.com\/index.php\/jobba-hos-oss\/#primaryimage\"},\"thumbnailUrl\":\"https:\/\/atvis.com\/wp-content\/uploads\/2025\/04\/visualarena-vr-nikon-adobergb-3000px-0324-workshop-vgl-vg.jpg\",\"datePublished\":\"2025-04-22T10:17:13+00:00\",\"dateModified\":\"2025-08-29T07:50:37+00:00\",\"breadcrumb\":{\"@id\":\"https:\/\/atvis.com\/index.php\/jobba-hos-oss\/#breadcrumb\"},\"inLanguage\":\"sv-SE\",\"potentialAction\":[{\"@type\":\"ReadAction\",\"target\":[\"https:\/\/atvis.com\/index.php\/jobba-hos-oss\/\"]}]},{\"@type\":\"ImageObject\",\"inLanguage\":\"sv-SE\",\"@id\":\"https:\/\/atvis.com\/index.php\/jobba-hos-oss\/#primaryimage\",\"url\":\"https:\/\/atvis.com\/wp-content\/uploads\/2025\/04\/visualarena-vr-nikon-adobergb-3000px-0324-workshop-vgl-vg.jpg\",\"contentUrl\":\"https:\/\/atvis.com\/wp-content\/uploads\/2025\/04\/visualarena-vr-nikon-adobergb-3000px-0324-workshop-vgl-vg.jpg\",\"width\":1024,\"height\":683},{\"@type\":\"BreadcrumbList\",\"@id\":\"https:\/\/atvis.com\/index.php\/jobba-hos-oss\/#breadcrumb\",\"itemListElement\":[{\"@type\":\"ListItem\",\"position\":1,\"name\":\"Hem\",\"item\":\"https:\/\/atvis.com\/\"},{\"@type\":\"ListItem\",\"position\":2,\"name\":\"Jobba hos oss!\"}]},{\"@type\":\"WebSite\",\"@id\":\"https:\/\/atvis.com\/#website\",\"url\":\"https:\/\/atvis.com\/\",\"name\":\"Atvis\",\"description\":\"Aff\u00e4rsutveckling och Teknik\",\"publisher\":{\"@id\":\"https:\/\/atvis.com\/#organization\"},\"potentialAction\":[{\"@type\":\"SearchAction\",\"target\":{\"@type\":\"EntryPoint\",\"urlTemplate\":\"https:\/\/atvis.com\/?s={search_term_string}\"},\"query-input\":{\"@type\":\"PropertyValueSpecification\",\"valueRequired\":true,\"valueName\":\"search_term_string\"}}],\"inLanguage\":\"sv-SE\"},{\"@type\":\"Organization\",\"@id\":\"https:\/\/atvis.com\/#organization\",\"name\":\"Atvis\",\"url\":\"https:\/\/atvis.com\/\",\"logo\":{\"@type\":\"ImageObject\",\"inLanguage\":\"sv-SE\",\"@id\":\"https:\/\/atvis.com\/#\/schema\/logo\/image\/\",\"url\":\"https:\/\/atvis.com\/wp-content\/uploads\/2025\/04\/Atvis_Logotype_Black.png\",\"contentUrl\":\"https:\/\/atvis.com\/wp-content\/uploads\/2025\/04\/Atvis_Logotype_Black.png\",\"width\":1000,\"height\":350,\"caption\":\"Atvis\"},\"image\":{\"@id\":\"https:\/\/atvis.com\/#\/schema\/logo\/image\/\"}}]}<\/script>\n<!-- \/ Yoast SEO plugin. -->","yoast_head_json":{"title":"Jobba hos oss! - Atvis","robots":{"index":"index","follow":"follow","max-snippet":"max-snippet:-1","max-image-preview":"max-image-preview:large","max-video-preview":"max-video-preview:-1"},"canonical":"https:\/\/atvis.com\/index.php\/jobba-hos-oss\/","og_locale":"sv_SE","og_type":"article","og_title":"Jobba hos oss! - Atvis","og_description":"Spontanans\u00f6kan Vi letar alltid efter ny talang. Skicka g\u00e4rna in en spontanans\u00f6kan och ber\u00e4tta om dig sj\u00e4lv. Lediga Tj\u00e4nster H\u00e4r nedan hittar du v\u00e5ra lediga tj\u00e4nster. Klicka p\u00e5 l\u00e4nken och slutf\u00f6r ans\u00f6kan via LinkedIn. Tj\u00e4nst Placeringsort Erfaren elektronikingenj\u00f6r J\u00f6nk\u00f6ping Ans\u00f6k h\u00e4r Finns ingenting som passar dig i listan? Ber\u00e4tta om dig sj\u00e4lv, dina meriter, drivkrafter [&hellip;]","og_url":"https:\/\/atvis.com\/index.php\/jobba-hos-oss\/","og_site_name":"Atvis","article_modified_time":"2025-08-29T07:50:37+00:00","og_image":[{"width":1024,"height":683,"url":"https:\/\/atvis.com\/wp-content\/uploads\/2025\/04\/visualarena-vr-nikon-adobergb-3000px-0324-workshop-vgl-vg.jpg","type":"image\/jpeg"}],"twitter_card":"summary_large_image","twitter_misc":{"Ber\u00e4knad l\u00e4stid":"1 minut"},"schema":{"@context":"https:\/\/schema.org","@graph":[{"@type":"WebPage","@id":"https:\/\/atvis.com\/index.php\/jobba-hos-oss\/","url":"https:\/\/atvis.com\/index.php\/jobba-hos-oss\/","name":"Jobba hos oss! - Atvis","isPartOf":{"@id":"https:\/\/atvis.com\/#website"},"primaryImageOfPage":{"@id":"https:\/\/atvis.com\/index.php\/jobba-hos-oss\/#primaryimage"},"image":{"@id":"https:\/\/atvis.com\/index.php\/jobba-hos-oss\/#primaryimage"},"thumbnailUrl":"https:\/\/atvis.com\/wp-content\/uploads\/2025\/04\/visualarena-vr-nikon-adobergb-3000px-0324-workshop-vgl-vg.jpg","datePublished":"2025-04-22T10:17:13+00:00","dateModified":"2025-08-29T07:50:37+00:00","breadcrumb":{"@id":"https:\/\/atvis.com\/index.php\/jobba-hos-oss\/#breadcrumb"},"inLanguage":"sv-SE","potentialAction":[{"@type":"ReadAction","target":["https:\/\/atvis.com\/index.php\/jobba-hos-oss\/"]}]},{"@type":"ImageObject","inLanguage":"sv-SE","@id":"https:\/\/atvis.com\/index.php\/jobba-hos-oss\/#primaryimage","url":"https:\/\/atvis.com\/wp-content\/uploads\/2025\/04\/visualarena-vr-nikon-adobergb-3000px-0324-workshop-vgl-vg.jpg","contentUrl":"https:\/\/atvis.com\/wp-content\/uploads\/2025\/04\/visualarena-vr-nikon-adobergb-3000px-0324-workshop-vgl-vg.jpg","width":1024,"height":683},{"@type":"BreadcrumbList","@id":"https:\/\/atvis.com\/index.php\/jobba-hos-oss\/#breadcrumb","itemListElement":[{"@type":"ListItem","position":1,"name":"Hem","item":"https:\/\/atvis.com\/"},{"@type":"ListItem","position":2,"name":"Jobba hos oss!"}]},{"@type":"WebSite","@id":"https:\/\/atvis.com\/#website","url":"https:\/\/atvis.com\/","name":"Atvis","description":"Aff\u00e4rsutveckling och Teknik","publisher":{"@id":"https:\/\/atvis.com\/#organization"},"potentialAction":[{"@type":"SearchAction","target":{"@type":"EntryPoint","urlTemplate":"https:\/\/atvis.com\/?s={search_term_string}"},"query-input":{"@type":"PropertyValueSpecification","valueRequired":true,"valueName":"search_term_string"}}],"inLanguage":"sv-SE"},{"@type":"Organization","@id":"https:\/\/atvis.com\/#organization","name":"Atvis","url":"https:\/\/atvis.com\/","logo":{"@type":"ImageObject","inLanguage":"sv-SE","@id":"https:\/\/atvis.com\/#\/schema\/logo\/image\/","url":"https:\/\/atvis.com\/wp-content\/uploads\/2025\/04\/Atvis_Logotype_Black.png","contentUrl":"https:\/\/atvis.com\/wp-content\/uploads\/2025\/04\/Atvis_Logotype_Black.png","width":1000,"height":350,"caption":"Atvis"},"image":{"@id":"https:\/\/atvis.com\/#\/schema\/logo\/image\/"}}]}},"_links":{"self":[{"href":"https:\/\/atvis.com\/index.php\/wp-json\/wp\/v2\/pages\/70","targetHints":{"allow":["GET"]}}],"collection":[{"href":"https:\/\/atvis.com\/index.php\/wp-json\/wp\/v2\/pages"}],"about":[{"href":"https:\/\/atvis.com\/index.php\/wp-json\/wp\/v2\/types\/page"}],"author":[{"embeddable":true,"href":"https:\/\/atvis.com\/index.php\/wp-json\/wp\/v2\/users\/1"}],"replies":[{"embeddable":true,"href":"https:\/\/atvis.com\/index.php\/wp-json\/wp\/v2\/comments?post=70"}],"version-history":[{"count":16,"href":"https:\/\/atvis.com\/index.php\/wp-json\/wp\/v2\/pages\/70\/revisions"}],"predecessor-version":[{"id":554,"href":"https:\/\/atvis.com\/index.php\/wp-json\/wp\/v2\/pages\/70\/revisions\/554"}],"wp:attachment":[{"href":"https:\/\/atvis.com\/index.php\/wp-json\/wp\/v2\/media?parent=70"}],"curies":[{"name":"wp","href":"https:\/\/api.w.org\/{rel}","templated":true}]}}