{"id":7,"date":"2025-04-22T07:25:37","date_gmt":"2025-04-22T07:25:37","guid":{"rendered":"https:\/\/atvis.com\/wordpress\/?page_id=7"},"modified":"2025-11-14T13:51:13","modified_gmt":"2025-11-14T13:51:13","slug":"valkommen-till-atvis","status":"publish","type":"page","link":"https:\/\/atvis.com\/","title":{"rendered":""},"content":{"rendered":"\n<div class=\"wp-block-group alignfull is-style-section-5 has-global-padding is-layout-constrained wp-block-group-is-layout-constrained has-background is-style-section-5--1\" style=\"margin-top:0;margin-bottom:0;padding-top:var(--wp--preset--spacing--60);padding-bottom:var(--wp--preset--spacing--60);background-image:url(&#039;https:\/\/atvis.com\/wp-content\/uploads\/2025\/04\/visualarena-vr-nikon-adobergb-3000px-0324-workshop-vgl-vg.jpg&#039;);background-size:cover;\">\n<div class=\"wp-block-columns alignwide is-layout-flex wp-container-core-columns-is-layout-643ced6b wp-block-columns-is-layout-flex\">\n<div class=\"wp-block-column is-layout-flow wp-block-column-is-layout-flow\" style=\"flex-basis:40%\"><\/div>\n\n\n\n<div class=\"wp-block-column is-vertically-aligned-center has-background is-layout-flow wp-container-core-column-is-layout-242b8b71 wp-block-column-is-layout-flow\" style=\"border-radius:9px;background-color:#4331b5;padding-top:var(--wp--preset--spacing--30);padding-right:var(--wp--preset--spacing--40);padding-bottom:var(--wp--preset--spacing--30);padding-left:var(--wp--preset--spacing--40);box-shadow:var(--wp--preset--shadow--natural);flex-basis:80%\">\n<h3 class=\"wp-block-heading has-text-align-center has-base-color has-text-color has-link-color has-xx-large-font-size wp-elements-6d5327da35be1041695d34abc83eadd5\" style=\"padding-top:var(--wp--preset--spacing--20);padding-right:0;padding-bottom:var(--wp--preset--spacing--20);padding-left:0\">V\u00e4lkommen till Atvis<\/h3>\n\n\n\n<ul style=\"background-color:#4331b5;padding-top:0;padding-right:var(--wp--preset--spacing--30);padding-bottom:0;padding-left:var(--wp--preset--spacing--30)\" class=\"wp-block-list has-background\">\n<li class=\"has-base-color has-text-color has-background has-link-color wp-elements-2ac4d99dca1cdab951b673a361cd0b6e\" style=\"background-color:#4331b5;padding-top:0;padding-right:0;padding-bottom:0;padding-left:0\">Vi samlar de b\u00e4sta ingenj\u00f6rerna f\u00f6r att hj\u00e4lpa er att skapa er n\u00e4sta produkt.<\/li>\n\n\n\n<li class=\"has-base-color has-text-color has-background has-link-color wp-elements-f954a191954d77eb9f8ea230c68f096a\" style=\"background-color:#4331b5\">Vi hj\u00e4lper er i produktutvecklingens alla faser. Vi har kompetens inom mjukvaru-, mekanik-, samt elektronikutveckling. Konsulter p\u00e5 plats hos er eller fr\u00e5n v\u00e5rt kontor.<\/li>\n\n\n\n<li class=\"has-base-color has-text-color has-background has-link-color wp-elements-0f1e321e302b1263f51d05d76530760b\" style=\"background-color:#4331b5\">Vi hj\u00e4lper er med produktutveckling, aff\u00e4rsverifiering, marknadsanalys och aff\u00e4rsplan. <\/li>\n<\/ul>\n\n\n\n<div class=\"wp-block-buttons is-content-justification-center is-layout-flex wp-container-core-buttons-is-layout-c936322e wp-block-buttons-is-layout-flex\" style=\"padding-top:var(--wp--preset--spacing--40);padding-bottom:var(--wp--preset--spacing--40)\">\n<div class=\"wp-block-button\"><a class=\"wp-block-button__link has-text-align-center wp-element-button\" href=\"#kontakt\">Allt b\u00f6rjar med en f\u00f6rsta kontakt!<\/a><\/div>\n<\/div>\n<\/div>\n<\/div>\n<\/div>\n\n\n\n<div class=\"wp-block-group alignfull is-style-section-3 has-background has-global-padding is-layout-constrained wp-block-group-is-layout-constrained is-style-section-3--2\" style=\"background-color:#2f7847;margin-top:0;margin-bottom:0;padding-top:var(--wp--preset--spacing--50);padding-bottom:var(--wp--preset--spacing--50)\">\n<div class=\"wp-block-columns alignwide is-layout-flex wp-container-core-columns-is-layout-7ee84d44 wp-block-columns-is-layout-flex\">\n<div class=\"wp-block-column is-vertically-aligned-center is-layout-flow wp-block-column-is-layout-flow\" style=\"flex-basis:50.01%\">\n<h2 class=\"wp-block-heading has-base-color has-text-color has-link-color wp-elements-d0d7f2dcd822de88344952163756bc43\">V\u00e5ra tj\u00e4nster<\/h2>\n\n\n\n<p class=\"has-base-color has-text-color has-link-color wp-elements-34ef39160763247d0f1de3c9d6cb2145\"><strong>Konsulter<\/strong> &#8211; Mjukvaru-, mekanik-, samt elektronikutveckling. &#8221;On-site&#8221; eller &#8221;off-site.&#8221; <\/p>\n\n\n\n<p class=\"has-base-color has-text-color has-link-color wp-elements-e3d7a0478add964edc1af399bd7642bd\"><strong>Aff\u00e4rsverifiering <\/strong>&#8211; Se till att utv\u00e4rdera marknaden och konkurrensen innan ni drar ig\u00e5ng ert produktutvecklingsprojekt.<\/p>\n\n\n\n<p class=\"has-base-color has-text-color has-link-color wp-elements-08db71ff03d80f1cd11f215fc84ffa72\"><strong>Produktutveckling<\/strong> &#8211; Vi har kompetens inom : mekanikkonstruktion, mjukvaru- och elektronikutveckling.<\/p>\n\n\n\n<p class=\"has-base-color has-text-color has-link-color wp-elements-b93bfca8260b1314b726d3611f51c11b\"><strong>Motion Capture<\/strong> &#8211; <a href=\"http:\/\/www.atvis.com\/motion-capture\">L\u00e4s mer h\u00e4r!<\/a><\/p>\n\n\n\n<div class=\"wp-block-columns is-layout-flex wp-container-core-columns-is-layout-28f84493 wp-block-columns-is-layout-flex\">\n<div class=\"wp-block-column is-layout-flow wp-block-column-is-layout-flow\"><\/div>\n\n\n\n<div class=\"wp-block-column is-layout-flow wp-block-column-is-layout-flow\"><\/div>\n<\/div>\n<\/div>\n\n\n\n<div class=\"wp-block-column is-layout-flow wp-block-column-is-layout-flow\" style=\"flex-basis:49.99%\">\n<figure class=\"wp-block-image size-full has-custom-border wp-duotone-unset-3\"><img loading=\"lazy\" decoding=\"async\" width=\"1024\" height=\"683\" src=\"https:\/\/atvis.com\/wp-content\/uploads\/2025\/04\/visualarena-vr-nikon-srgb-1080p-0453-vgl-ar.jpg\" alt=\"\" class=\"wp-image-246\" style=\"border-style:none;border-width:0px;border-radius:11px;box-shadow:var(--wp--preset--shadow--natural)\" srcset=\"https:\/\/atvis.com\/wp-content\/uploads\/2025\/04\/visualarena-vr-nikon-srgb-1080p-0453-vgl-ar.jpg 1024w, https:\/\/atvis.com\/wp-content\/uploads\/2025\/04\/visualarena-vr-nikon-srgb-1080p-0453-vgl-ar-300x200.jpg 300w, https:\/\/atvis.com\/wp-content\/uploads\/2025\/04\/visualarena-vr-nikon-srgb-1080p-0453-vgl-ar-768x512.jpg 768w\" sizes=\"auto, (max-width: 1024px) 100vw, 1024px\" \/><\/figure>\n<\/div>\n<\/div>\n<\/div>\n\n\n\n<div class=\"wp-block-group alignfull is-layout-flow wp-container-core-group-is-layout-f9cb6abc wp-block-group-is-layout-flow\" style=\"margin-top:0;margin-bottom:0\">\n<div class=\"wp-block-columns alignfull is-style-section-2 is-layout-flex wp-container-core-columns-is-layout-d9884270 wp-block-columns-is-layout-flex is-style-section-2--4\" style=\"padding-top:0;padding-bottom:0\">\n<div class=\"wp-block-column is-layout-flow wp-block-column-is-layout-flow\" style=\"flex-basis:50%\">\n<div class=\"wp-block-cover is-light\" style=\"min-height:349px;aspect-ratio:unset;\"><img loading=\"lazy\" decoding=\"async\" width=\"595\" height=\"380\" class=\"wp-block-cover__image-background wp-image-11 size-full\" alt=\"\" src=\"https:\/\/atvis.com\/wp-content\/uploads\/2025\/04\/sernekebild-e1745601766901.jpg\" data-object-fit=\"cover\" srcset=\"https:\/\/atvis.com\/wp-content\/uploads\/2025\/04\/sernekebild-e1745601766901.jpg 595w, https:\/\/atvis.com\/wp-content\/uploads\/2025\/04\/sernekebild-e1745601766901-300x192.jpg 300w\" sizes=\"auto, (max-width: 595px) 100vw, 595px\" \/><span aria-hidden=\"true\" class=\"wp-block-cover__background has-background-dim-0 has-background-dim\" style=\"background-color:#9ab4da\"><\/span><div class=\"wp-block-cover__inner-container is-layout-flow wp-block-cover-is-layout-flow\">\n<div style=\"height:var(--wp--preset--spacing--20)\" aria-hidden=\"true\" class=\"wp-block-spacer\"><\/div>\n<\/div><\/div>\n<\/div>\n\n\n\n<div class=\"wp-block-column has-base-background-color has-background is-layout-flow wp-block-column-is-layout-flow\" style=\"flex-basis:50%\">\n<div class=\"wp-block-group is-style-section-1 has-base-background-color has-background is-vertical is-content-justification-stretch is-layout-flex wp-container-core-group-is-layout-098fff0a wp-block-group-is-layout-flex is-style-section-1--5\" style=\"min-height:33vh;padding-top:var(--wp--preset--spacing--50);padding-right:var(--wp--preset--spacing--50);padding-bottom:var(--wp--preset--spacing--50);padding-left:var(--wp--preset--spacing--50)\">\n<p class=\"has-x-large-font-size\">Vill du veta hur vi kan jobba tillsammans? H\u00f6r av er f\u00f6r en diskussion!<\/p>\n\n\n\n<div class=\"wp-block-buttons is-content-justification-right is-layout-flex wp-container-core-buttons-is-layout-d445cf74 wp-block-buttons-is-layout-flex\">\n<div class=\"wp-block-button\"><a class=\"wp-block-button__link wp-element-button\" href=\"#kontakt\">Kontaktuppgifter<\/a><\/div>\n<\/div>\n<\/div>\n<\/div>\n<\/div>\n\n\n\n<div class=\"wp-block-group is-style-section-4 is-vertical is-content-justification-stretch is-layout-flex wp-container-core-group-is-layout-098fff0a wp-block-group-is-layout-flex is-style-section-4--6\" style=\"min-height:33vh;padding-top:var(--wp--preset--spacing--50);padding-right:var(--wp--preset--spacing--50);padding-bottom:var(--wp--preset--spacing--50);padding-left:var(--wp--preset--spacing--50)\">\n<h2 class=\"wp-block-heading\">Varf\u00f6r Atvis? <\/h2>\n\n\n\n<p class=\"has-large-font-size\">Vi \u00e4r ett ingenj\u00f6rsbolag som erbjuder tj\u00e4nster inom mjukvaru-, mekanik- och elektronikutveckling.<\/p>\n\n\n\n<p class=\"has-large-font-size\">Vi v\u00e4rdes\u00e4tter kvalitet, punktlighet och att f\u00e5 saker gjorda. <\/p>\n\n\n\n<p class=\"has-large-font-size\">Vi har ett l\u00e5ngt &#8221;track record&#8221; och har hj\u00e4lpt kunder som Volvo Group, SERNEKE, Swedavia, Kiruna Kommun och Zenuity f\u00f6r att n\u00e4mna n\u00e5gra.<\/p>\n\n\n\n<p class=\"has-large-font-size\">Atvis \u00e4r ett alternativ till de stora konsultbolagen. Vi \u00e4r ett snabbfotat litet f\u00f6retag med ett stort n\u00e4tverk.<\/p>\n\n\n\n<p class=\"has-large-font-size\">Vi har kontor i Stockholm och G\u00f6teborg och arbetar med projekt \u00f6ver hela landet \u2013 fr\u00e5n Kiruna i norr till Malm\u00f6 i s\u00f6der.<\/p>\n\n\n\n<p class=\"has-large-font-size\">Vi v\u00e4rdes\u00e4tter tillg\u00e4nglighet. Vi finns d\u00e4r n\u00e4r ni beh\u00f6ver det. <\/p>\n<\/div>\n\n\n\n<hr class=\"wp-block-separator has-alpha-channel-opacity is-style-wide is-style-wide--7\"\/>\n<\/div>\n\n\n\n<div class=\"wp-block-group alignfull is-layout-flow wp-container-core-group-is-layout-f9cb6abc wp-block-group-is-layout-flow\" style=\"margin-top:0;margin-bottom:0\">\n<p class=\"has-text-align-center\"><\/p>\n\n\n\n<h2 class=\"wp-block-heading has-text-align-center\" style=\"padding-top:var(--wp--preset--spacing--40);padding-bottom:var(--wp--preset--spacing--40)\">KUNDPROJEKT<\/h2>\n<\/div>\n\n\n\n<hr class=\"wp-block-separator has-alpha-channel-opacity is-style-wide is-style-wide--8\"\/>\n\n\n\n<div class=\"wp-block-media-text has-media-on-the-right is-stacked-on-mobile\"><div class=\"wp-block-media-text__content\">\n<h3 class=\"wp-block-heading\">SERNEKE<\/h3>\n\n\n\n<p>Genom att skapa ett exklusivt s\u00e4ljverktyg till b\u00e5de VR och till stora peksk\u00e4rmar kunde SERNEKE s\u00e4lja m\u00e5nga av l\u00e4genheter i Karlatornet innan tornet ens stod p\u00e5 plats. Genom att tydligt visa vilken utsikt k\u00f6paren kommer att f\u00e5 fr\u00e5n sin l\u00e4genhet och genom att kunna g\u00e5 runt i omr\u00e5det virtuellt f\u00f6renklades f\u00f6rs\u00e4ljningsarbetet avsev\u00e4rt speciellt innan byggandet dragit ig\u00e5ng. <a href=\"#kontakt\">Kontakta oss, s\u00e5 ber\u00e4ttar vi mer om projektet!&nbsp;<\/a><\/p>\n<\/div><figure class=\"wp-block-media-text__media\"><img loading=\"lazy\" decoding=\"async\" width=\"626\" height=\"652\" src=\"https:\/\/atvis.com\/wp-content\/uploads\/2025\/04\/visualarena-vr-sony-srgb-1620px-8570-peter-e1745490181314.png\" alt=\"\" class=\"wp-image-121 size-full\" srcset=\"https:\/\/atvis.com\/wp-content\/uploads\/2025\/04\/visualarena-vr-sony-srgb-1620px-8570-peter-e1745490181314.png 626w, https:\/\/atvis.com\/wp-content\/uploads\/2025\/04\/visualarena-vr-sony-srgb-1620px-8570-peter-e1745490181314-288x300.png 288w\" sizes=\"auto, (max-width: 626px) 100vw, 626px\" \/><\/figure><\/div>\n\n\n\n<hr class=\"wp-block-separator has-alpha-channel-opacity is-style-wide is-style-wide--9\"\/>\n\n\n\n<div class=\"wp-block-media-text is-stacked-on-mobile\" style=\"border-radius:11px\"><figure class=\"wp-block-media-text__media\"><img loading=\"lazy\" decoding=\"async\" width=\"449\" height=\"380\" src=\"https:\/\/atvis.com\/wp-content\/uploads\/2025\/04\/zenuitybild-e1745561879652.jpg\" alt=\"\" class=\"wp-image-14 size-full\" srcset=\"https:\/\/atvis.com\/wp-content\/uploads\/2025\/04\/zenuitybild-e1745561879652.jpg 449w, https:\/\/atvis.com\/wp-content\/uploads\/2025\/04\/zenuitybild-e1745561879652-300x254.jpg 300w\" sizes=\"auto, (max-width: 449px) 100vw, 449px\" \/><\/figure><div class=\"wp-block-media-text__content\">\n<h3 class=\"wp-block-heading\">ZENUITY<\/h3>\n\n\n\n<p>F\u00f6r att snabbt kunna ge en tydlig bild av sin organisation f\u00f6r kunder och medarbetare skapade Zenuity med hj\u00e4lp av Atvis en interaktiv visualisering \u00f6ver sin organisation. Data fr\u00e5n f\u00f6retagets existerande system anv\u00e4ndes som dynamisk indata f\u00f6r att visualisera organisationen p\u00e5 webben och p\u00e5 stora peksk\u00e4rmar i f\u00f6retagets lokaler runt om i v\u00e4rlden. Atvis jobbade med b\u00e5de frontend- och backenddelen av projektet. <a href=\"#kontakt\">Kontakta oss, s\u00e5 ber\u00e4ttar vi mer om projektet!&nbsp;<\/a><\/p>\n<\/div><\/div>\n\n\n\n<hr class=\"wp-block-separator has-alpha-channel-opacity is-style-wide is-style-wide--10\"\/>\n\n\n\n<div class=\"wp-block-media-text has-media-on-the-right is-stacked-on-mobile\"><div class=\"wp-block-media-text__content\">\n<h3 class=\"wp-block-heading\">QUALISYS<\/h3>\n\n\n\n<p>F\u00f6r att demonstrera sitt v\u00e4rldsledande motion capture-system p\u00e5 Siggraph, v\u00e4rldens st\u00f6rsta m\u00e4ssa f\u00f6r datorgrafik och interaktivitet, bad Qualisys Atvis om hj\u00e4lp. Resultatet blev ett uppskattat spel i VR d\u00e4r flera anv\u00e4ndare kunde spela tillsammans.<a href=\"#kontakt\"> Kontakta oss, s\u00e5 ber\u00e4ttar vi mer om projektet!<\/a><\/p>\n<\/div><figure class=\"wp-block-media-text__media\"><img loading=\"lazy\" decoding=\"async\" width=\"501\" height=\"380\" src=\"https:\/\/atvis.com\/wp-content\/uploads\/2025\/04\/qualisysbild-e1745562053817.jpg\" alt=\"\" class=\"wp-image-15 size-full\" srcset=\"https:\/\/atvis.com\/wp-content\/uploads\/2025\/04\/qualisysbild-e1745562053817.jpg 501w, https:\/\/atvis.com\/wp-content\/uploads\/2025\/04\/qualisysbild-e1745562053817-300x228.jpg 300w\" sizes=\"auto, (max-width: 501px) 100vw, 501px\" \/><\/figure><\/div>\n\n\n\n<hr class=\"wp-block-separator has-alpha-channel-opacity is-style-wide is-style-wide--11\"\/>\n\n\n\n<h2 class=\"wp-block-heading has-text-align-center\">NYHETER<\/h2>\n\n\n<ul class=\"wp-block-latest-posts__list wp-block-latest-posts\"><li><div class=\"wp-block-latest-posts__featured-image\"><img loading=\"lazy\" decoding=\"async\" width=\"300\" height=\"200\" src=\"https:\/\/atvis.com\/wp-content\/uploads\/2025\/04\/here-not-here-mo-cap-dokumentation-5-jan-2022-Gorki_0012low-300x200.jpg\" class=\"attachment-medium size-medium wp-post-image\" alt=\"\" style=\"\" srcset=\"https:\/\/atvis.com\/wp-content\/uploads\/2025\/04\/here-not-here-mo-cap-dokumentation-5-jan-2022-Gorki_0012low-300x200.jpg 300w, https:\/\/atvis.com\/wp-content\/uploads\/2025\/04\/here-not-here-mo-cap-dokumentation-5-jan-2022-Gorki_0012low-1024x683.jpg 1024w, https:\/\/atvis.com\/wp-content\/uploads\/2025\/04\/here-not-here-mo-cap-dokumentation-5-jan-2022-Gorki_0012low-768x512.jpg 768w, https:\/\/atvis.com\/wp-content\/uploads\/2025\/04\/here-not-here-mo-cap-dokumentation-5-jan-2022-Gorki_0012low-1536x1024.jpg 1536w, https:\/\/atvis.com\/wp-content\/uploads\/2025\/04\/here-not-here-mo-cap-dokumentation-5-jan-2022-Gorki_0012low-2048x1365.jpg 2048w\" sizes=\"auto, (max-width: 300px) 100vw, 300px\" \/><\/div><a class=\"wp-block-latest-posts__post-title\" href=\"https:\/\/atvis.com\/index.php\/2025\/04\/24\/dagens-industri-uppmarksammar-atvis\/\">Dagens Industri uppm\u00e4rksammar Atvis<\/a><\/li>\n<\/ul>\n\n\n<hr class=\"wp-block-separator has-alpha-channel-opacity is-style-wide is-style-wide--12\"\/>\n\n\n\n<h2 class=\"wp-block-heading has-text-align-center\" style=\"padding-top:var(--wp--preset--spacing--40);padding-bottom:var(--wp--preset--spacing--40)\">\u00d6VRIGA KUNDER<\/h2>\n\n\n\n<p class=\"has-text-align-center\">EL-Bj\u00f6rn, Volvo Group, Qualisys, Swedavia, M\u00f6lnlycke Health Care, TimeEdit, CHALMERS, Svenska M\u00e4ssan, Atrium Ljungberg, Kiruna Kommun, Kista Science City, Lindholmen Science Park, G\u00f6teborgs Stad med flera&#8230;<\/p>\n\n\n\n<hr class=\"wp-block-separator has-alpha-channel-opacity is-style-wide is-style-wide--13\" style=\"margin-top:var(--wp--preset--spacing--40);margin-bottom:var(--wp--preset--spacing--40)\"\/>\n\n\n\n<h2 class=\"wp-block-heading has-text-align-center\" id=\"kontakt\" style=\"padding-top:var(--wp--preset--spacing--40);padding-bottom:var(--wp--preset--spacing--40)\">KONTAKT<\/h2>\n\n\n\n<div class=\"wp-block-group alignfull has-global-padding is-layout-constrained wp-block-group-is-layout-constrained\" style=\"margin-top:0;margin-bottom:0;padding-top:var(--wp--preset--spacing--50);padding-bottom:var(--wp--preset--spacing--50)\">\n<div class=\"wp-block-columns alignwide is-layout-flex wp-container-core-columns-is-layout-47c06fe3 wp-block-columns-is-layout-flex\">\n<div class=\"wp-block-column is-vertically-aligned-center is-layout-flow wp-container-core-column-is-layout-119bc444 wp-block-column-is-layout-flow\">\n<h2 class=\"wp-block-heading\">Hej. <\/h2>\n\n\n\n<p>Vi har hj\u00e4lpt en m\u00e4ngd olika typer av organisationer och individer genom \u00e5ren. Vem vet, kanske \u00e4r du v\u00e5r n\u00e4sta kund eller medarbetare?<\/p>\n\n\n\n<p>Ring oss p\u00e5: 0709236625 eller h\u00f6r av er till <a href=\"mailto:info@atvis.com\"><strong>info@atvis.com<\/strong><\/a> s\u00e5 \u00e5terkommer vi s\u00e5 snart vi kan!<\/p>\n\n\n\n<p><br><\/p>\n\n\n\n<p>Vi h\u00f6rs!<\/p>\n<\/div>\n<\/div>\n<\/div>\n\n\n\n<hr class=\"wp-block-separator has-alpha-channel-opacity is-style-wide is-style-wide--14\"\/>\n\n\n\n<h2 class=\"wp-block-heading has-text-align-center\"><\/h2>\n","protected":false},"excerpt":{"rendered":"<p>V\u00e4lkommen till Atvis V\u00e5ra tj\u00e4nster Konsulter &#8211; Mjukvaru-, mekanik-, samt elektronikutveckling. &#8221;On-site&#8221; eller &#8221;off-site.&#8221; Aff\u00e4rsverifiering &#8211; Se till att utv\u00e4rdera marknaden och konkurrensen innan ni drar ig\u00e5ng ert produktutvecklingsprojekt. Produktutveckling &#8211; Vi har kompetens inom : mekanikkonstruktion, mjukvaru- och elektronikutveckling. Motion Capture &#8211; L\u00e4s mer h\u00e4r! Vill du veta hur vi kan jobba tillsammans? H\u00f6r [&hellip;]<\/p>\n","protected":false},"author":1,"featured_media":0,"parent":0,"menu_order":0,"comment_status":"closed","ping_status":"closed","template":"","meta":{"footnotes":""},"class_list":["post-7","page","type-page","status-publish","hentry"],"yoast_head":"<!-- This site is optimized with the Yoast SEO plugin v25.0 - https:\/\/yoast.com\/wordpress\/plugins\/seo\/ -->\n<title>- Atvis<\/title>\n<meta name=\"robots\" content=\"index, follow, max-snippet:-1, max-image-preview:large, max-video-preview:-1\" \/>\n<link rel=\"canonical\" href=\"https:\/\/atvis.com\/\" \/>\n<meta property=\"og:locale\" content=\"sv_SE\" \/>\n<meta property=\"og:type\" content=\"article\" \/>\n<meta property=\"og:title\" content=\"- Atvis\" \/>\n<meta property=\"og:description\" content=\"V\u00e4lkommen till Atvis V\u00e5ra tj\u00e4nster Konsulter &#8211; Mjukvaru-, mekanik-, samt elektronikutveckling. &#8221;On-site&#8221; eller &#8221;off-site.&#8221; Aff\u00e4rsverifiering &#8211; Se till att utv\u00e4rdera marknaden och konkurrensen innan ni drar ig\u00e5ng ert produktutvecklingsprojekt. Produktutveckling &#8211; Vi har kompetens inom : mekanikkonstruktion, mjukvaru- och elektronikutveckling. Motion Capture &#8211; L\u00e4s mer h\u00e4r! Vill du veta hur vi kan jobba tillsammans? H\u00f6r [&hellip;]\" \/>\n<meta property=\"og:url\" content=\"https:\/\/atvis.com\/\" \/>\n<meta property=\"og:site_name\" content=\"Atvis\" \/>\n<meta property=\"article:modified_time\" content=\"2025-11-14T13:51:13+00:00\" \/>\n<meta property=\"og:image\" content=\"https:\/\/atvis.com\/wp-content\/uploads\/2025\/04\/visualarena-vr-nikon-srgb-1080p-0453-vgl-ar.jpg\" \/>\n\t<meta property=\"og:image:width\" content=\"1024\" \/>\n\t<meta property=\"og:image:height\" content=\"683\" \/>\n\t<meta property=\"og:image:type\" content=\"image\/jpeg\" \/>\n<meta name=\"twitter:card\" content=\"summary_large_image\" \/>\n<meta name=\"twitter:label1\" content=\"Ber\u00e4knad l\u00e4stid\" \/>\n\t<meta name=\"twitter:data1\" content=\"4 minuter\" \/>\n<script type=\"application\/ld+json\" class=\"yoast-schema-graph\">{\"@context\":\"https:\/\/schema.org\",\"@graph\":[{\"@type\":\"WebPage\",\"@id\":\"https:\/\/atvis.com\/\",\"url\":\"https:\/\/atvis.com\/\",\"name\":\"- Atvis\",\"isPartOf\":{\"@id\":\"https:\/\/atvis.com\/#website\"},\"primaryImageOfPage\":{\"@id\":\"https:\/\/atvis.com\/#primaryimage\"},\"image\":{\"@id\":\"https:\/\/atvis.com\/#primaryimage\"},\"thumbnailUrl\":\"https:\/\/atvis.com\/wp-content\/uploads\/2025\/04\/visualarena-vr-nikon-srgb-1080p-0453-vgl-ar.jpg\",\"datePublished\":\"2025-04-22T07:25:37+00:00\",\"dateModified\":\"2025-11-14T13:51:13+00:00\",\"inLanguage\":\"sv-SE\",\"potentialAction\":[{\"@type\":\"ReadAction\",\"target\":[\"https:\/\/atvis.com\/\"]}]},{\"@type\":\"ImageObject\",\"inLanguage\":\"sv-SE\",\"@id\":\"https:\/\/atvis.com\/#primaryimage\",\"url\":\"https:\/\/atvis.com\/wp-content\/uploads\/2025\/04\/visualarena-vr-nikon-srgb-1080p-0453-vgl-ar.jpg\",\"contentUrl\":\"https:\/\/atvis.com\/wp-content\/uploads\/2025\/04\/visualarena-vr-nikon-srgb-1080p-0453-vgl-ar.jpg\",\"width\":1024,\"height\":683,\"caption\":\"AR-mobilapp\"},{\"@type\":\"WebSite\",\"@id\":\"https:\/\/atvis.com\/#website\",\"url\":\"https:\/\/atvis.com\/\",\"name\":\"Atvis\",\"description\":\"Aff\u00e4rsutveckling och Teknik\",\"publisher\":{\"@id\":\"https:\/\/atvis.com\/#organization\"},\"potentialAction\":[{\"@type\":\"SearchAction\",\"target\":{\"@type\":\"EntryPoint\",\"urlTemplate\":\"https:\/\/atvis.com\/?s={search_term_string}\"},\"query-input\":{\"@type\":\"PropertyValueSpecification\",\"valueRequired\":true,\"valueName\":\"search_term_string\"}}],\"inLanguage\":\"sv-SE\"},{\"@type\":\"Organization\",\"@id\":\"https:\/\/atvis.com\/#organization\",\"name\":\"Atvis\",\"url\":\"https:\/\/atvis.com\/\",\"logo\":{\"@type\":\"ImageObject\",\"inLanguage\":\"sv-SE\",\"@id\":\"https:\/\/atvis.com\/#\/schema\/logo\/image\/\",\"url\":\"https:\/\/atvis.com\/wp-content\/uploads\/2025\/04\/Atvis_Logotype_Black.png\",\"contentUrl\":\"https:\/\/atvis.com\/wp-content\/uploads\/2025\/04\/Atvis_Logotype_Black.png\",\"width\":1000,\"height\":350,\"caption\":\"Atvis\"},\"image\":{\"@id\":\"https:\/\/atvis.com\/#\/schema\/logo\/image\/\"}}]}<\/script>\n<!-- \/ Yoast SEO plugin. -->","yoast_head_json":{"title":"- Atvis","robots":{"index":"index","follow":"follow","max-snippet":"max-snippet:-1","max-image-preview":"max-image-preview:large","max-video-preview":"max-video-preview:-1"},"canonical":"https:\/\/atvis.com\/","og_locale":"sv_SE","og_type":"article","og_title":"- Atvis","og_description":"V\u00e4lkommen till Atvis V\u00e5ra tj\u00e4nster Konsulter &#8211; Mjukvaru-, mekanik-, samt elektronikutveckling. &#8221;On-site&#8221; eller &#8221;off-site.&#8221; Aff\u00e4rsverifiering &#8211; Se till att utv\u00e4rdera marknaden och konkurrensen innan ni drar ig\u00e5ng ert produktutvecklingsprojekt. Produktutveckling &#8211; Vi har kompetens inom : mekanikkonstruktion, mjukvaru- och elektronikutveckling. Motion Capture &#8211; L\u00e4s mer h\u00e4r! Vill du veta hur vi kan jobba tillsammans? H\u00f6r [&hellip;]","og_url":"https:\/\/atvis.com\/","og_site_name":"Atvis","article_modified_time":"2025-11-14T13:51:13+00:00","og_image":[{"width":1024,"height":683,"url":"https:\/\/atvis.com\/wp-content\/uploads\/2025\/04\/visualarena-vr-nikon-srgb-1080p-0453-vgl-ar.jpg","type":"image\/jpeg"}],"twitter_card":"summary_large_image","twitter_misc":{"Ber\u00e4knad l\u00e4stid":"4 minuter"},"schema":{"@context":"https:\/\/schema.org","@graph":[{"@type":"WebPage","@id":"https:\/\/atvis.com\/","url":"https:\/\/atvis.com\/","name":"- Atvis","isPartOf":{"@id":"https:\/\/atvis.com\/#website"},"primaryImageOfPage":{"@id":"https:\/\/atvis.com\/#primaryimage"},"image":{"@id":"https:\/\/atvis.com\/#primaryimage"},"thumbnailUrl":"https:\/\/atvis.com\/wp-content\/uploads\/2025\/04\/visualarena-vr-nikon-srgb-1080p-0453-vgl-ar.jpg","datePublished":"2025-04-22T07:25:37+00:00","dateModified":"2025-11-14T13:51:13+00:00","inLanguage":"sv-SE","potentialAction":[{"@type":"ReadAction","target":["https:\/\/atvis.com\/"]}]},{"@type":"ImageObject","inLanguage":"sv-SE","@id":"https:\/\/atvis.com\/#primaryimage","url":"https:\/\/atvis.com\/wp-content\/uploads\/2025\/04\/visualarena-vr-nikon-srgb-1080p-0453-vgl-ar.jpg","contentUrl":"https:\/\/atvis.com\/wp-content\/uploads\/2025\/04\/visualarena-vr-nikon-srgb-1080p-0453-vgl-ar.jpg","width":1024,"height":683,"caption":"AR-mobilapp"},{"@type":"WebSite","@id":"https:\/\/atvis.com\/#website","url":"https:\/\/atvis.com\/","name":"Atvis","description":"Aff\u00e4rsutveckling och Teknik","publisher":{"@id":"https:\/\/atvis.com\/#organization"},"potentialAction":[{"@type":"SearchAction","target":{"@type":"EntryPoint","urlTemplate":"https:\/\/atvis.com\/?s={search_term_string}"},"query-input":{"@type":"PropertyValueSpecification","valueRequired":true,"valueName":"search_term_string"}}],"inLanguage":"sv-SE"},{"@type":"Organization","@id":"https:\/\/atvis.com\/#organization","name":"Atvis","url":"https:\/\/atvis.com\/","logo":{"@type":"ImageObject","inLanguage":"sv-SE","@id":"https:\/\/atvis.com\/#\/schema\/logo\/image\/","url":"https:\/\/atvis.com\/wp-content\/uploads\/2025\/04\/Atvis_Logotype_Black.png","contentUrl":"https:\/\/atvis.com\/wp-content\/uploads\/2025\/04\/Atvis_Logotype_Black.png","width":1000,"height":350,"caption":"Atvis"},"image":{"@id":"https:\/\/atvis.com\/#\/schema\/logo\/image\/"}}]}},"_links":{"self":[{"href":"https:\/\/atvis.com\/index.php\/wp-json\/wp\/v2\/pages\/7","targetHints":{"allow":["GET"]}}],"collection":[{"href":"https:\/\/atvis.com\/index.php\/wp-json\/wp\/v2\/pages"}],"about":[{"href":"https:\/\/atvis.com\/index.php\/wp-json\/wp\/v2\/types\/page"}],"author":[{"embeddable":true,"href":"https:\/\/atvis.com\/index.php\/wp-json\/wp\/v2\/users\/1"}],"replies":[{"embeddable":true,"href":"https:\/\/atvis.com\/index.php\/wp-json\/wp\/v2\/comments?post=7"}],"version-history":[{"count":240,"href":"https:\/\/atvis.com\/index.php\/wp-json\/wp\/v2\/pages\/7\/revisions"}],"predecessor-version":[{"id":570,"href":"https:\/\/atvis.com\/index.php\/wp-json\/wp\/v2\/pages\/7\/revisions\/570"}],"wp:attachment":[{"href":"https:\/\/atvis.com\/index.php\/wp-json\/wp\/v2\/media?parent=7"}],"curies":[{"name":"wp","href":"https:\/\/api.w.org\/{rel}","templated":true}]}}