{"id":364,"date":"2025-05-05T16:12:53","date_gmt":"2025-05-05T16:12:53","guid":{"rendered":"https:\/\/atvis.com\/?page_id=364"},"modified":"2025-09-16T09:57:07","modified_gmt":"2025-09-16T09:57:07","slug":"affarsverifiering","status":"publish","type":"page","link":"https:\/\/atvis.com\/index.php\/affarsverifiering\/","title":{"rendered":"Aff\u00e4rsverifiering"},"content":{"rendered":"\n<h2 class=\"wp-block-heading\">Aff\u00e4rsverifiering<\/h2>\n\n\n\n<p>Generellt s\u00e4tt ser vi p\u00e5 Atvis m\u00e5nga projekt som inte \u00e4r tillr\u00e4ckligt f\u00f6rankrade p\u00e5 aff\u00e4rssidan. Att g\u00f6ra en gedigen och ambiti\u00f6s genomg\u00e5ng av detta innan den tekniska utvecklingen drar ig\u00e5ng brukar vara en k\u00e4lla till stora besparingar.<\/p>\n\n\n\n<p>Vi erbjuder \u00e4ven en workshopserie d\u00e4r vi tillsammans jobbar fram och identifierar nya aff\u00e4rsm\u00f6jligheter. Efter denna process erbjuder vi tj\u00e4nsten att utv\u00e4rdera potentialen och den kommersiella g\u00e5ngbarheten vilket ger ett bra beslutsunderlag f\u00f6r att ta n\u00e4sta steg i er utveckling.<\/p>\n\n\n\n<p>Vi erbjuder: <\/p>\n\n\n\n<figure class=\"wp-block-table\"><table class=\"has-fixed-layout\"><tbody><tr><td>Aff\u00e4rsverifiering:<\/td><td>Framtagning av konkurrens- och marknadsanalys.<\/td><\/tr><tr><td>Aff\u00e4rskonceptframtagning:<\/td><td>Framtagande av aff\u00e4rsplan och investeringsunderlag.<\/td><\/tr><tr><td>Marknadsf\u00f6ringsstrategi:<\/td><td>Marknadsf\u00f6ringsstrategi f\u00f6r B2B (Business to business). Framtagning och genomf\u00f6rande av marknadsf\u00f6ringsstrategi.<\/td><\/tr><\/tbody><\/table><\/figure>\n\n\n\n<div class=\"wp-block-buttons is-content-justification-right is-layout-flex wp-container-core-buttons-is-layout-d445cf74 wp-block-buttons-is-layout-flex\">\n<div class=\"wp-block-button\"><a class=\"wp-block-button__link wp-element-button\" href=\"https:\/\/atvis.com\/index.php\/kontakta-oss\/\">Kontaktuppgifter<\/a><\/div>\n<\/div>\n\n\n\n<p><\/p>\n","protected":false},"excerpt":{"rendered":"<p>Aff\u00e4rsverifiering Generellt s\u00e4tt ser vi p\u00e5 Atvis m\u00e5nga projekt som inte \u00e4r tillr\u00e4ckligt f\u00f6rankrade p\u00e5 aff\u00e4rssidan. Att g\u00f6ra en gedigen och ambiti\u00f6s genomg\u00e5ng av detta innan den tekniska utvecklingen drar ig\u00e5ng brukar vara en k\u00e4lla till stora besparingar. Vi erbjuder \u00e4ven en workshopserie d\u00e4r vi tillsammans jobbar fram och identifierar nya aff\u00e4rsm\u00f6jligheter. Efter denna process [&hellip;]<\/p>\n","protected":false},"author":1,"featured_media":0,"parent":0,"menu_order":0,"comment_status":"closed","ping_status":"closed","template":"","meta":{"footnotes":""},"class_list":["post-364","page","type-page","status-publish","hentry"],"yoast_head":"<!-- This site is optimized with the Yoast SEO plugin v25.0 - https:\/\/yoast.com\/wordpress\/plugins\/seo\/ -->\n<title>Aff\u00e4rsverifiering - Atvis<\/title>\n<meta name=\"robots\" content=\"index, follow, max-snippet:-1, max-image-preview:large, max-video-preview:-1\" \/>\n<link rel=\"canonical\" href=\"https:\/\/atvis.com\/index.php\/affarsverifiering\/\" \/>\n<meta property=\"og:locale\" content=\"sv_SE\" \/>\n<meta property=\"og:type\" content=\"article\" \/>\n<meta property=\"og:title\" content=\"Aff\u00e4rsverifiering - Atvis\" \/>\n<meta property=\"og:description\" content=\"Aff\u00e4rsverifiering Generellt s\u00e4tt ser vi p\u00e5 Atvis m\u00e5nga projekt som inte \u00e4r tillr\u00e4ckligt f\u00f6rankrade p\u00e5 aff\u00e4rssidan. Att g\u00f6ra en gedigen och ambiti\u00f6s genomg\u00e5ng av detta innan den tekniska utvecklingen drar ig\u00e5ng brukar vara en k\u00e4lla till stora besparingar. Vi erbjuder \u00e4ven en workshopserie d\u00e4r vi tillsammans jobbar fram och identifierar nya aff\u00e4rsm\u00f6jligheter. Efter denna process [&hellip;]\" \/>\n<meta property=\"og:url\" content=\"https:\/\/atvis.com\/index.php\/affarsverifiering\/\" \/>\n<meta property=\"og:site_name\" content=\"Atvis\" \/>\n<meta property=\"article:modified_time\" content=\"2025-09-16T09:57:07+00:00\" \/>\n<meta name=\"twitter:card\" content=\"summary_large_image\" \/>\n<meta name=\"twitter:label1\" content=\"Ber\u00e4knad l\u00e4stid\" \/>\n\t<meta name=\"twitter:data1\" content=\"1 minut\" \/>\n<script type=\"application\/ld+json\" class=\"yoast-schema-graph\">{\"@context\":\"https:\/\/schema.org\",\"@graph\":[{\"@type\":\"WebPage\",\"@id\":\"https:\/\/atvis.com\/index.php\/affarsverifiering\/\",\"url\":\"https:\/\/atvis.com\/index.php\/affarsverifiering\/\",\"name\":\"Aff\u00e4rsverifiering - Atvis\",\"isPartOf\":{\"@id\":\"https:\/\/atvis.com\/#website\"},\"datePublished\":\"2025-05-05T16:12:53+00:00\",\"dateModified\":\"2025-09-16T09:57:07+00:00\",\"breadcrumb\":{\"@id\":\"https:\/\/atvis.com\/index.php\/affarsverifiering\/#breadcrumb\"},\"inLanguage\":\"sv-SE\",\"potentialAction\":[{\"@type\":\"ReadAction\",\"target\":[\"https:\/\/atvis.com\/index.php\/affarsverifiering\/\"]}]},{\"@type\":\"BreadcrumbList\",\"@id\":\"https:\/\/atvis.com\/index.php\/affarsverifiering\/#breadcrumb\",\"itemListElement\":[{\"@type\":\"ListItem\",\"position\":1,\"name\":\"Hem\",\"item\":\"https:\/\/atvis.com\/\"},{\"@type\":\"ListItem\",\"position\":2,\"name\":\"Aff\u00e4rsverifiering\"}]},{\"@type\":\"WebSite\",\"@id\":\"https:\/\/atvis.com\/#website\",\"url\":\"https:\/\/atvis.com\/\",\"name\":\"Atvis\",\"description\":\"Aff\u00e4rsutveckling och Teknik\",\"publisher\":{\"@id\":\"https:\/\/atvis.com\/#organization\"},\"potentialAction\":[{\"@type\":\"SearchAction\",\"target\":{\"@type\":\"EntryPoint\",\"urlTemplate\":\"https:\/\/atvis.com\/?s={search_term_string}\"},\"query-input\":{\"@type\":\"PropertyValueSpecification\",\"valueRequired\":true,\"valueName\":\"search_term_string\"}}],\"inLanguage\":\"sv-SE\"},{\"@type\":\"Organization\",\"@id\":\"https:\/\/atvis.com\/#organization\",\"name\":\"Atvis\",\"url\":\"https:\/\/atvis.com\/\",\"logo\":{\"@type\":\"ImageObject\",\"inLanguage\":\"sv-SE\",\"@id\":\"https:\/\/atvis.com\/#\/schema\/logo\/image\/\",\"url\":\"https:\/\/atvis.com\/wp-content\/uploads\/2025\/04\/Atvis_Logotype_Black.png\",\"contentUrl\":\"https:\/\/atvis.com\/wp-content\/uploads\/2025\/04\/Atvis_Logotype_Black.png\",\"width\":1000,\"height\":350,\"caption\":\"Atvis\"},\"image\":{\"@id\":\"https:\/\/atvis.com\/#\/schema\/logo\/image\/\"}}]}<\/script>\n<!-- \/ Yoast SEO plugin. -->","yoast_head_json":{"title":"Aff\u00e4rsverifiering - Atvis","robots":{"index":"index","follow":"follow","max-snippet":"max-snippet:-1","max-image-preview":"max-image-preview:large","max-video-preview":"max-video-preview:-1"},"canonical":"https:\/\/atvis.com\/index.php\/affarsverifiering\/","og_locale":"sv_SE","og_type":"article","og_title":"Aff\u00e4rsverifiering - Atvis","og_description":"Aff\u00e4rsverifiering Generellt s\u00e4tt ser vi p\u00e5 Atvis m\u00e5nga projekt som inte \u00e4r tillr\u00e4ckligt f\u00f6rankrade p\u00e5 aff\u00e4rssidan. Att g\u00f6ra en gedigen och ambiti\u00f6s genomg\u00e5ng av detta innan den tekniska utvecklingen drar ig\u00e5ng brukar vara en k\u00e4lla till stora besparingar. Vi erbjuder \u00e4ven en workshopserie d\u00e4r vi tillsammans jobbar fram och identifierar nya aff\u00e4rsm\u00f6jligheter. Efter denna process [&hellip;]","og_url":"https:\/\/atvis.com\/index.php\/affarsverifiering\/","og_site_name":"Atvis","article_modified_time":"2025-09-16T09:57:07+00:00","twitter_card":"summary_large_image","twitter_misc":{"Ber\u00e4knad l\u00e4stid":"1 minut"},"schema":{"@context":"https:\/\/schema.org","@graph":[{"@type":"WebPage","@id":"https:\/\/atvis.com\/index.php\/affarsverifiering\/","url":"https:\/\/atvis.com\/index.php\/affarsverifiering\/","name":"Aff\u00e4rsverifiering - Atvis","isPartOf":{"@id":"https:\/\/atvis.com\/#website"},"datePublished":"2025-05-05T16:12:53+00:00","dateModified":"2025-09-16T09:57:07+00:00","breadcrumb":{"@id":"https:\/\/atvis.com\/index.php\/affarsverifiering\/#breadcrumb"},"inLanguage":"sv-SE","potentialAction":[{"@type":"ReadAction","target":["https:\/\/atvis.com\/index.php\/affarsverifiering\/"]}]},{"@type":"BreadcrumbList","@id":"https:\/\/atvis.com\/index.php\/affarsverifiering\/#breadcrumb","itemListElement":[{"@type":"ListItem","position":1,"name":"Hem","item":"https:\/\/atvis.com\/"},{"@type":"ListItem","position":2,"name":"Aff\u00e4rsverifiering"}]},{"@type":"WebSite","@id":"https:\/\/atvis.com\/#website","url":"https:\/\/atvis.com\/","name":"Atvis","description":"Aff\u00e4rsutveckling och Teknik","publisher":{"@id":"https:\/\/atvis.com\/#organization"},"potentialAction":[{"@type":"SearchAction","target":{"@type":"EntryPoint","urlTemplate":"https:\/\/atvis.com\/?s={search_term_string}"},"query-input":{"@type":"PropertyValueSpecification","valueRequired":true,"valueName":"search_term_string"}}],"inLanguage":"sv-SE"},{"@type":"Organization","@id":"https:\/\/atvis.com\/#organization","name":"Atvis","url":"https:\/\/atvis.com\/","logo":{"@type":"ImageObject","inLanguage":"sv-SE","@id":"https:\/\/atvis.com\/#\/schema\/logo\/image\/","url":"https:\/\/atvis.com\/wp-content\/uploads\/2025\/04\/Atvis_Logotype_Black.png","contentUrl":"https:\/\/atvis.com\/wp-content\/uploads\/2025\/04\/Atvis_Logotype_Black.png","width":1000,"height":350,"caption":"Atvis"},"image":{"@id":"https:\/\/atvis.com\/#\/schema\/logo\/image\/"}}]}},"_links":{"self":[{"href":"https:\/\/atvis.com\/index.php\/wp-json\/wp\/v2\/pages\/364","targetHints":{"allow":["GET"]}}],"collection":[{"href":"https:\/\/atvis.com\/index.php\/wp-json\/wp\/v2\/pages"}],"about":[{"href":"https:\/\/atvis.com\/index.php\/wp-json\/wp\/v2\/types\/page"}],"author":[{"embeddable":true,"href":"https:\/\/atvis.com\/index.php\/wp-json\/wp\/v2\/users\/1"}],"replies":[{"embeddable":true,"href":"https:\/\/atvis.com\/index.php\/wp-json\/wp\/v2\/comments?post=364"}],"version-history":[{"count":10,"href":"https:\/\/atvis.com\/index.php\/wp-json\/wp\/v2\/pages\/364\/revisions"}],"predecessor-version":[{"id":557,"href":"https:\/\/atvis.com\/index.php\/wp-json\/wp\/v2\/pages\/364\/revisions\/557"}],"wp:attachment":[{"href":"https:\/\/atvis.com\/index.php\/wp-json\/wp\/v2\/media?parent=364"}],"curies":[{"name":"wp","href":"https:\/\/api.w.org\/{rel}","templated":true}]}}