{"id":362,"date":"2025-05-05T16:11:58","date_gmt":"2025-05-05T16:11:58","guid":{"rendered":"https:\/\/atvis.com\/?page_id=362"},"modified":"2025-09-18T11:11:06","modified_gmt":"2025-09-18T11:11:06","slug":"prototyputveckling","status":"publish","type":"page","link":"https:\/\/atvis.com\/index.php\/prototyputveckling\/","title":{"rendered":"Produktutveckling"},"content":{"rendered":"\n<p>V\u00e5r produktutvecklingsprocess f\u00f6ljer i stora drag f\u00f6ljande struktur. Vi anpassar oss s\u00e5klart till era \u00f6nskem\u00e5l.<\/p>\n\n\n\n<ol class=\"wp-block-list\">\n<li><strong>F\u00f6ruts\u00e4ttningsl\u00f6st m\u00f6te<\/strong> F\u00f6rsta m\u00f6te f\u00f6r problemformulering och bakgrundsbriefing.<\/li>\n\n\n\n<li><strong>Aff\u00e4rsverifering<\/strong> Atvis l\u00e4gger stor vikt p\u00e5 initial aff\u00e4rsverifiering. Marknadsanalys och tekniska f\u00f6rstudier genomf\u00f6rs f\u00f6r att fastst\u00e4lla en relevant kravspecifikation.<\/li>\n\n\n\n<li><strong>Kravinsamling<\/strong><\/li>\n\n\n\n<li><strong>Konceptutveckling<\/strong><\/li>\n\n\n\n<li><strong>Konstruktion prototyp<\/strong> Prototypiterering.<\/li>\n\n\n\n<li><strong>Aff\u00e4rsverifering<\/strong> MVP-utv\u00e4rdering.<\/li>\n\n\n\n<li><strong>Designverifiering<\/strong><\/li>\n\n\n\n<li><strong>Teknisk verifiering<\/strong><\/li>\n\n\n\n<li><strong>Validering<\/strong><\/li>\n\n\n\n<li><strong>Leverans\/produktion<\/strong><\/li>\n\n\n\n<li><strong>\u00d6vervakning\/feedbac<\/strong>k<\/li>\n<\/ol>\n\n\n\n<div class=\"wp-block-buttons is-content-justification-right is-layout-flex wp-container-core-buttons-is-layout-d445cf74 wp-block-buttons-is-layout-flex\">\n<div class=\"wp-block-button\"><a class=\"wp-block-button__link wp-element-button\">Kontakta oss!<\/a><\/div>\n<\/div>\n","protected":false},"excerpt":{"rendered":"<p>V\u00e5r produktutvecklingsprocess f\u00f6ljer i stora drag f\u00f6ljande struktur. Vi anpassar oss s\u00e5klart till era \u00f6nskem\u00e5l.<\/p>\n","protected":false},"author":1,"featured_media":0,"parent":0,"menu_order":0,"comment_status":"closed","ping_status":"closed","template":"","meta":{"footnotes":""},"class_list":["post-362","page","type-page","status-publish","hentry"],"yoast_head":"<!-- This site is optimized with the Yoast SEO plugin v25.0 - https:\/\/yoast.com\/wordpress\/plugins\/seo\/ -->\n<title>Produktutveckling - Atvis<\/title>\n<meta name=\"robots\" content=\"index, follow, max-snippet:-1, max-image-preview:large, max-video-preview:-1\" \/>\n<link rel=\"canonical\" href=\"https:\/\/atvis.com\/index.php\/prototyputveckling\/\" \/>\n<meta property=\"og:locale\" content=\"sv_SE\" \/>\n<meta property=\"og:type\" content=\"article\" \/>\n<meta property=\"og:title\" content=\"Produktutveckling - Atvis\" \/>\n<meta property=\"og:description\" content=\"V\u00e5r produktutvecklingsprocess f\u00f6ljer i stora drag f\u00f6ljande struktur. Vi anpassar oss s\u00e5klart till era \u00f6nskem\u00e5l.\" \/>\n<meta property=\"og:url\" content=\"https:\/\/atvis.com\/index.php\/prototyputveckling\/\" \/>\n<meta property=\"og:site_name\" content=\"Atvis\" \/>\n<meta property=\"article:modified_time\" content=\"2025-09-18T11:11:06+00:00\" \/>\n<meta name=\"twitter:card\" content=\"summary_large_image\" \/>\n<meta name=\"twitter:label1\" content=\"Ber\u00e4knad l\u00e4stid\" \/>\n\t<meta name=\"twitter:data1\" content=\"1 minut\" \/>\n<script type=\"application\/ld+json\" class=\"yoast-schema-graph\">{\"@context\":\"https:\/\/schema.org\",\"@graph\":[{\"@type\":\"WebPage\",\"@id\":\"https:\/\/atvis.com\/index.php\/prototyputveckling\/\",\"url\":\"https:\/\/atvis.com\/index.php\/prototyputveckling\/\",\"name\":\"Produktutveckling - Atvis\",\"isPartOf\":{\"@id\":\"https:\/\/atvis.com\/#website\"},\"datePublished\":\"2025-05-05T16:11:58+00:00\",\"dateModified\":\"2025-09-18T11:11:06+00:00\",\"breadcrumb\":{\"@id\":\"https:\/\/atvis.com\/index.php\/prototyputveckling\/#breadcrumb\"},\"inLanguage\":\"sv-SE\",\"potentialAction\":[{\"@type\":\"ReadAction\",\"target\":[\"https:\/\/atvis.com\/index.php\/prototyputveckling\/\"]}]},{\"@type\":\"BreadcrumbList\",\"@id\":\"https:\/\/atvis.com\/index.php\/prototyputveckling\/#breadcrumb\",\"itemListElement\":[{\"@type\":\"ListItem\",\"position\":1,\"name\":\"Hem\",\"item\":\"https:\/\/atvis.com\/\"},{\"@type\":\"ListItem\",\"position\":2,\"name\":\"Produktutveckling\"}]},{\"@type\":\"WebSite\",\"@id\":\"https:\/\/atvis.com\/#website\",\"url\":\"https:\/\/atvis.com\/\",\"name\":\"Atvis\",\"description\":\"Aff\u00e4rsutveckling och Teknik\",\"publisher\":{\"@id\":\"https:\/\/atvis.com\/#organization\"},\"potentialAction\":[{\"@type\":\"SearchAction\",\"target\":{\"@type\":\"EntryPoint\",\"urlTemplate\":\"https:\/\/atvis.com\/?s={search_term_string}\"},\"query-input\":{\"@type\":\"PropertyValueSpecification\",\"valueRequired\":true,\"valueName\":\"search_term_string\"}}],\"inLanguage\":\"sv-SE\"},{\"@type\":\"Organization\",\"@id\":\"https:\/\/atvis.com\/#organization\",\"name\":\"Atvis\",\"url\":\"https:\/\/atvis.com\/\",\"logo\":{\"@type\":\"ImageObject\",\"inLanguage\":\"sv-SE\",\"@id\":\"https:\/\/atvis.com\/#\/schema\/logo\/image\/\",\"url\":\"https:\/\/atvis.com\/wp-content\/uploads\/2025\/04\/Atvis_Logotype_Black.png\",\"contentUrl\":\"https:\/\/atvis.com\/wp-content\/uploads\/2025\/04\/Atvis_Logotype_Black.png\",\"width\":1000,\"height\":350,\"caption\":\"Atvis\"},\"image\":{\"@id\":\"https:\/\/atvis.com\/#\/schema\/logo\/image\/\"}}]}<\/script>\n<!-- \/ Yoast SEO plugin. -->","yoast_head_json":{"title":"Produktutveckling - Atvis","robots":{"index":"index","follow":"follow","max-snippet":"max-snippet:-1","max-image-preview":"max-image-preview:large","max-video-preview":"max-video-preview:-1"},"canonical":"https:\/\/atvis.com\/index.php\/prototyputveckling\/","og_locale":"sv_SE","og_type":"article","og_title":"Produktutveckling - Atvis","og_description":"V\u00e5r produktutvecklingsprocess f\u00f6ljer i stora drag f\u00f6ljande struktur. Vi anpassar oss s\u00e5klart till era \u00f6nskem\u00e5l.","og_url":"https:\/\/atvis.com\/index.php\/prototyputveckling\/","og_site_name":"Atvis","article_modified_time":"2025-09-18T11:11:06+00:00","twitter_card":"summary_large_image","twitter_misc":{"Ber\u00e4knad l\u00e4stid":"1 minut"},"schema":{"@context":"https:\/\/schema.org","@graph":[{"@type":"WebPage","@id":"https:\/\/atvis.com\/index.php\/prototyputveckling\/","url":"https:\/\/atvis.com\/index.php\/prototyputveckling\/","name":"Produktutveckling - Atvis","isPartOf":{"@id":"https:\/\/atvis.com\/#website"},"datePublished":"2025-05-05T16:11:58+00:00","dateModified":"2025-09-18T11:11:06+00:00","breadcrumb":{"@id":"https:\/\/atvis.com\/index.php\/prototyputveckling\/#breadcrumb"},"inLanguage":"sv-SE","potentialAction":[{"@type":"ReadAction","target":["https:\/\/atvis.com\/index.php\/prototyputveckling\/"]}]},{"@type":"BreadcrumbList","@id":"https:\/\/atvis.com\/index.php\/prototyputveckling\/#breadcrumb","itemListElement":[{"@type":"ListItem","position":1,"name":"Hem","item":"https:\/\/atvis.com\/"},{"@type":"ListItem","position":2,"name":"Produktutveckling"}]},{"@type":"WebSite","@id":"https:\/\/atvis.com\/#website","url":"https:\/\/atvis.com\/","name":"Atvis","description":"Aff\u00e4rsutveckling och Teknik","publisher":{"@id":"https:\/\/atvis.com\/#organization"},"potentialAction":[{"@type":"SearchAction","target":{"@type":"EntryPoint","urlTemplate":"https:\/\/atvis.com\/?s={search_term_string}"},"query-input":{"@type":"PropertyValueSpecification","valueRequired":true,"valueName":"search_term_string"}}],"inLanguage":"sv-SE"},{"@type":"Organization","@id":"https:\/\/atvis.com\/#organization","name":"Atvis","url":"https:\/\/atvis.com\/","logo":{"@type":"ImageObject","inLanguage":"sv-SE","@id":"https:\/\/atvis.com\/#\/schema\/logo\/image\/","url":"https:\/\/atvis.com\/wp-content\/uploads\/2025\/04\/Atvis_Logotype_Black.png","contentUrl":"https:\/\/atvis.com\/wp-content\/uploads\/2025\/04\/Atvis_Logotype_Black.png","width":1000,"height":350,"caption":"Atvis"},"image":{"@id":"https:\/\/atvis.com\/#\/schema\/logo\/image\/"}}]}},"_links":{"self":[{"href":"https:\/\/atvis.com\/index.php\/wp-json\/wp\/v2\/pages\/362","targetHints":{"allow":["GET"]}}],"collection":[{"href":"https:\/\/atvis.com\/index.php\/wp-json\/wp\/v2\/pages"}],"about":[{"href":"https:\/\/atvis.com\/index.php\/wp-json\/wp\/v2\/types\/page"}],"author":[{"embeddable":true,"href":"https:\/\/atvis.com\/index.php\/wp-json\/wp\/v2\/users\/1"}],"replies":[{"embeddable":true,"href":"https:\/\/atvis.com\/index.php\/wp-json\/wp\/v2\/comments?post=362"}],"version-history":[{"count":9,"href":"https:\/\/atvis.com\/index.php\/wp-json\/wp\/v2\/pages\/362\/revisions"}],"predecessor-version":[{"id":560,"href":"https:\/\/atvis.com\/index.php\/wp-json\/wp\/v2\/pages\/362\/revisions\/560"}],"wp:attachment":[{"href":"https:\/\/atvis.com\/index.php\/wp-json\/wp\/v2\/media?parent=362"}],"curies":[{"name":"wp","href":"https:\/\/api.w.org\/{rel}","templated":true}]}}