{"id":154,"date":"2025-04-24T16:10:45","date_gmt":"2025-04-24T16:10:45","guid":{"rendered":"https:\/\/atvis.com\/?page_id=154"},"modified":"2025-04-24T21:50:44","modified_gmt":"2025-04-24T21:50:44","slug":"nyheter","status":"publish","type":"page","link":"https:\/\/atvis.com\/index.php\/nyheter\/","title":{"rendered":"Atvis Nyheter"},"content":{"rendered":"<ul class=\"wp-block-latest-posts__list has-dates has-author wp-block-latest-posts\"><li><div class=\"wp-block-latest-posts__featured-image\"><img loading=\"lazy\" decoding=\"async\" width=\"1024\" height=\"683\" src=\"https:\/\/atvis.com\/wp-content\/uploads\/2025\/04\/here-not-here-mo-cap-dokumentation-5-jan-2022-Gorki_0012low-1024x683.jpg\" class=\"attachment-large size-large wp-post-image\" alt=\"\" style=\"\" srcset=\"https:\/\/atvis.com\/wp-content\/uploads\/2025\/04\/here-not-here-mo-cap-dokumentation-5-jan-2022-Gorki_0012low-1024x683.jpg 1024w, https:\/\/atvis.com\/wp-content\/uploads\/2025\/04\/here-not-here-mo-cap-dokumentation-5-jan-2022-Gorki_0012low-300x200.jpg 300w, https:\/\/atvis.com\/wp-content\/uploads\/2025\/04\/here-not-here-mo-cap-dokumentation-5-jan-2022-Gorki_0012low-768x512.jpg 768w, https:\/\/atvis.com\/wp-content\/uploads\/2025\/04\/here-not-here-mo-cap-dokumentation-5-jan-2022-Gorki_0012low-1536x1024.jpg 1536w, https:\/\/atvis.com\/wp-content\/uploads\/2025\/04\/here-not-here-mo-cap-dokumentation-5-jan-2022-Gorki_0012low-2048x1365.jpg 2048w\" sizes=\"auto, (max-width: 1024px) 100vw, 1024px\" \/><\/div><a class=\"wp-block-latest-posts__post-title\" href=\"https:\/\/atvis.com\/index.php\/2025\/04\/24\/dagens-industri-uppmarksammar-atvis\/\">Dagens Industri uppm\u00e4rksammar Atvis<\/a><div class=\"wp-block-latest-posts__post-author\">av admin<\/div><time datetime=\"2025-04-24T15:47:21+00:00\" class=\"wp-block-latest-posts__post-date\">april 24, 2025<\/time><div class=\"wp-block-latest-posts__post-excerpt\">Efter v\u00e5rt uppskattade projekt som vi gjorde med G\u00f6teborgsOperans danskompani s\u00e5 uppm\u00e4rksammade Dagens Industri v\u00e5rt projekt. Under projektets g\u00e5ng byggde vi upp en virutell scen d\u00e4r dansarnas avatarer gick att uppleva i VR. Upplevelsen visades i foaj\u00e9n under pausen p\u00e5 f\u00f6rest\u00e4llningen av Here Not Here och har \u00e4ven visats upp i linje med G\u00f6teborgsOperans digitala\u2026 <a class=\"wp-block-latest-posts__read-more\" href=\"https:\/\/atvis.com\/index.php\/2025\/04\/24\/dagens-industri-uppmarksammar-atvis\/\" rel=\"noopener noreferrer\">L\u00e4s mer<span class=\"screen-reader-text\">: Dagens Industri uppm\u00e4rksammar Atvis<\/span><\/a><\/div><\/li>\n<\/ul>\n\n\n<div class=\"wp-block-buttons is-content-justification-right is-layout-flex wp-container-core-buttons-is-layout-d445cf74 wp-block-buttons-is-layout-flex\">\n<div class=\"wp-block-button\"><a class=\"wp-block-button__link wp-element-button\" href=\"http:\/\/www.atvis.com\">Hem<\/a><\/div>\n<\/div>\n","protected":false},"excerpt":{"rendered":"","protected":false},"author":1,"featured_media":0,"parent":0,"menu_order":0,"comment_status":"closed","ping_status":"closed","template":"","meta":{"footnotes":""},"class_list":["post-154","page","type-page","status-publish","hentry"],"yoast_head":"<!-- This site is optimized with the Yoast SEO plugin v25.0 - https:\/\/yoast.com\/wordpress\/plugins\/seo\/ -->\n<title>Atvis Nyheter - Atvis<\/title>\n<meta name=\"robots\" content=\"index, follow, max-snippet:-1, max-image-preview:large, max-video-preview:-1\" \/>\n<link rel=\"canonical\" href=\"https:\/\/atvis.com\/index.php\/nyheter\/\" \/>\n<meta property=\"og:locale\" content=\"sv_SE\" \/>\n<meta property=\"og:type\" content=\"article\" \/>\n<meta property=\"og:title\" content=\"Atvis Nyheter - Atvis\" \/>\n<meta property=\"og:url\" content=\"https:\/\/atvis.com\/index.php\/nyheter\/\" \/>\n<meta property=\"og:site_name\" content=\"Atvis\" \/>\n<meta property=\"article:modified_time\" content=\"2025-04-24T21:50:44+00:00\" \/>\n<meta name=\"twitter:card\" content=\"summary_large_image\" \/>\n<meta name=\"twitter:label1\" content=\"Ber\u00e4knad l\u00e4stid\" \/>\n\t<meta name=\"twitter:data1\" content=\"1 minut\" \/>\n<script type=\"application\/ld+json\" class=\"yoast-schema-graph\">{\"@context\":\"https:\/\/schema.org\",\"@graph\":[{\"@type\":\"WebPage\",\"@id\":\"https:\/\/atvis.com\/index.php\/nyheter\/\",\"url\":\"https:\/\/atvis.com\/index.php\/nyheter\/\",\"name\":\"Atvis Nyheter - Atvis\",\"isPartOf\":{\"@id\":\"https:\/\/atvis.com\/#website\"},\"datePublished\":\"2025-04-24T16:10:45+00:00\",\"dateModified\":\"2025-04-24T21:50:44+00:00\",\"breadcrumb\":{\"@id\":\"https:\/\/atvis.com\/index.php\/nyheter\/#breadcrumb\"},\"inLanguage\":\"sv-SE\",\"potentialAction\":[{\"@type\":\"ReadAction\",\"target\":[\"https:\/\/atvis.com\/index.php\/nyheter\/\"]}]},{\"@type\":\"BreadcrumbList\",\"@id\":\"https:\/\/atvis.com\/index.php\/nyheter\/#breadcrumb\",\"itemListElement\":[{\"@type\":\"ListItem\",\"position\":1,\"name\":\"Hem\",\"item\":\"https:\/\/atvis.com\/\"},{\"@type\":\"ListItem\",\"position\":2,\"name\":\"Atvis Nyheter\"}]},{\"@type\":\"WebSite\",\"@id\":\"https:\/\/atvis.com\/#website\",\"url\":\"https:\/\/atvis.com\/\",\"name\":\"Atvis\",\"description\":\"Aff\u00e4rsutveckling och Teknik\",\"publisher\":{\"@id\":\"https:\/\/atvis.com\/#organization\"},\"potentialAction\":[{\"@type\":\"SearchAction\",\"target\":{\"@type\":\"EntryPoint\",\"urlTemplate\":\"https:\/\/atvis.com\/?s={search_term_string}\"},\"query-input\":{\"@type\":\"PropertyValueSpecification\",\"valueRequired\":true,\"valueName\":\"search_term_string\"}}],\"inLanguage\":\"sv-SE\"},{\"@type\":\"Organization\",\"@id\":\"https:\/\/atvis.com\/#organization\",\"name\":\"Atvis\",\"url\":\"https:\/\/atvis.com\/\",\"logo\":{\"@type\":\"ImageObject\",\"inLanguage\":\"sv-SE\",\"@id\":\"https:\/\/atvis.com\/#\/schema\/logo\/image\/\",\"url\":\"https:\/\/atvis.com\/wp-content\/uploads\/2025\/04\/Atvis_Logotype_Black.png\",\"contentUrl\":\"https:\/\/atvis.com\/wp-content\/uploads\/2025\/04\/Atvis_Logotype_Black.png\",\"width\":1000,\"height\":350,\"caption\":\"Atvis\"},\"image\":{\"@id\":\"https:\/\/atvis.com\/#\/schema\/logo\/image\/\"}}]}<\/script>\n<!-- \/ Yoast SEO plugin. -->","yoast_head_json":{"title":"Atvis Nyheter - Atvis","robots":{"index":"index","follow":"follow","max-snippet":"max-snippet:-1","max-image-preview":"max-image-preview:large","max-video-preview":"max-video-preview:-1"},"canonical":"https:\/\/atvis.com\/index.php\/nyheter\/","og_locale":"sv_SE","og_type":"article","og_title":"Atvis Nyheter - Atvis","og_url":"https:\/\/atvis.com\/index.php\/nyheter\/","og_site_name":"Atvis","article_modified_time":"2025-04-24T21:50:44+00:00","twitter_card":"summary_large_image","twitter_misc":{"Ber\u00e4knad l\u00e4stid":"1 minut"},"schema":{"@context":"https:\/\/schema.org","@graph":[{"@type":"WebPage","@id":"https:\/\/atvis.com\/index.php\/nyheter\/","url":"https:\/\/atvis.com\/index.php\/nyheter\/","name":"Atvis Nyheter - Atvis","isPartOf":{"@id":"https:\/\/atvis.com\/#website"},"datePublished":"2025-04-24T16:10:45+00:00","dateModified":"2025-04-24T21:50:44+00:00","breadcrumb":{"@id":"https:\/\/atvis.com\/index.php\/nyheter\/#breadcrumb"},"inLanguage":"sv-SE","potentialAction":[{"@type":"ReadAction","target":["https:\/\/atvis.com\/index.php\/nyheter\/"]}]},{"@type":"BreadcrumbList","@id":"https:\/\/atvis.com\/index.php\/nyheter\/#breadcrumb","itemListElement":[{"@type":"ListItem","position":1,"name":"Hem","item":"https:\/\/atvis.com\/"},{"@type":"ListItem","position":2,"name":"Atvis Nyheter"}]},{"@type":"WebSite","@id":"https:\/\/atvis.com\/#website","url":"https:\/\/atvis.com\/","name":"Atvis","description":"Aff\u00e4rsutveckling och Teknik","publisher":{"@id":"https:\/\/atvis.com\/#organization"},"potentialAction":[{"@type":"SearchAction","target":{"@type":"EntryPoint","urlTemplate":"https:\/\/atvis.com\/?s={search_term_string}"},"query-input":{"@type":"PropertyValueSpecification","valueRequired":true,"valueName":"search_term_string"}}],"inLanguage":"sv-SE"},{"@type":"Organization","@id":"https:\/\/atvis.com\/#organization","name":"Atvis","url":"https:\/\/atvis.com\/","logo":{"@type":"ImageObject","inLanguage":"sv-SE","@id":"https:\/\/atvis.com\/#\/schema\/logo\/image\/","url":"https:\/\/atvis.com\/wp-content\/uploads\/2025\/04\/Atvis_Logotype_Black.png","contentUrl":"https:\/\/atvis.com\/wp-content\/uploads\/2025\/04\/Atvis_Logotype_Black.png","width":1000,"height":350,"caption":"Atvis"},"image":{"@id":"https:\/\/atvis.com\/#\/schema\/logo\/image\/"}}]}},"_links":{"self":[{"href":"https:\/\/atvis.com\/index.php\/wp-json\/wp\/v2\/pages\/154","targetHints":{"allow":["GET"]}}],"collection":[{"href":"https:\/\/atvis.com\/index.php\/wp-json\/wp\/v2\/pages"}],"about":[{"href":"https:\/\/atvis.com\/index.php\/wp-json\/wp\/v2\/types\/page"}],"author":[{"embeddable":true,"href":"https:\/\/atvis.com\/index.php\/wp-json\/wp\/v2\/users\/1"}],"replies":[{"embeddable":true,"href":"https:\/\/atvis.com\/index.php\/wp-json\/wp\/v2\/comments?post=154"}],"version-history":[{"count":3,"href":"https:\/\/atvis.com\/index.php\/wp-json\/wp\/v2\/pages\/154\/revisions"}],"predecessor-version":[{"id":181,"href":"https:\/\/atvis.com\/index.php\/wp-json\/wp\/v2\/pages\/154\/revisions\/181"}],"wp:attachment":[{"href":"https:\/\/atvis.com\/index.php\/wp-json\/wp\/v2\/media?parent=154"}],"curies":[{"name":"wp","href":"https:\/\/api.w.org\/{rel}","templated":true}]}}